{"id":575,"date":"2021-02-23T10:04:36","date_gmt":"2021-02-23T10:04:36","guid":{"rendered":"https:\/\/bethlehemcravings.com\/about-us\/"},"modified":"2026-01-19T14:24:06","modified_gmt":"2026-01-19T14:24:06","slug":"about-us","status":"publish","type":"page","link":"https:\/\/bethlehemcravings.com\/de\/about-us\/","title":{"rendered":"\u00dcber uns"},"content":{"rendered":"<div data-elementor-type=\"wp-page\" data-elementor-id=\"575\" class=\"elementor elementor-575\">\n\t\t\t\t\t\t<section class=\"elementor-section elementor-top-section elementor-element elementor-element-252cc20 elementor-section-height-min-height elementor-section-boxed elementor-section-height-default elementor-section-items-middle\" data-id=\"252cc20\" data-element_type=\"section\" data-e-type=\"section\" data-settings=\"{&quot;background_background&quot;:&quot;classic&quot;}\">\n\t\t\t\t\t\t\t<div class=\"elementor-background-overlay\"><\/div>\n\t\t\t\t\t\t\t<div class=\"elementor-container elementor-column-gap-no\">\n\t\t\t\t\t<div class=\"elementor-column elementor-col-100 elementor-top-column elementor-element elementor-element-6250949\" data-id=\"6250949\" data-element_type=\"column\" data-e-type=\"column\">\n\t\t\t<div class=\"elementor-widget-wrap elementor-element-populated\">\n\t\t\t\t\t\t<section class=\"elementor-section elementor-inner-section elementor-element elementor-element-2005eec elementor-section-boxed elementor-section-height-default elementor-section-height-default\" data-id=\"2005eec\" data-element_type=\"section\" data-e-type=\"section\">\n\t\t\t\t\t\t<div class=\"elementor-container elementor-column-gap-no\">\n\t\t\t\t\t<div class=\"elementor-column elementor-col-100 elementor-inner-column elementor-element elementor-element-824eeb8\" data-id=\"824eeb8\" data-element_type=\"column\" data-e-type=\"column\">\n\t\t\t<div class=\"elementor-widget-wrap elementor-element-populated\">\n\t\t\t\t\t\t<div class=\"elementor-element elementor-element-c7e430c elementor-widget elementor-widget-heading\" data-id=\"c7e430c\" data-element_type=\"widget\" data-e-type=\"widget\" data-widget_type=\"heading.default\">\n\t\t\t\t<div class=\"elementor-widget-container\">\n\t\t\t\t\t<h1 class=\"elementor-heading-title elementor-size-default\">\u00dcber uns<\/h1>\t\t\t\t<\/div>\n\t\t\t\t<\/div>\n\t\t\t\t\t<\/div>\n\t\t<\/div>\n\t\t\t\t\t<\/div>\n\t\t<\/section>\n\t\t\t\t\t<\/div>\n\t\t<\/div>\n\t\t\t\t\t<\/div>\n\t\t<\/section>\n\t\t\t\t<section class=\"elementor-section elementor-top-section elementor-element elementor-element-7f96089 elementor-section-content-middle elementor-section-boxed elementor-section-height-default elementor-section-height-default\" data-id=\"7f96089\" data-element_type=\"section\" data-e-type=\"section\">\n\t\t\t\t\t\t<div class=\"elementor-container elementor-column-gap-default\">\n\t\t\t\t\t<div class=\"elementor-column elementor-col-50 elementor-top-column elementor-element elementor-element-995eb85\" data-id=\"995eb85\" data-element_type=\"column\" data-e-type=\"column\">\n\t\t\t<div class=\"elementor-widget-wrap elementor-element-populated\">\n\t\t\t\t\t\t<div class=\"elementor-element elementor-element-a2b888a elementor-widget elementor-widget-spacer\" data-id=\"a2b888a\" data-element_type=\"widget\" data-e-type=\"widget\" data-widget_type=\"spacer.default\">\n\t\t\t\t<div class=\"elementor-widget-container\">\n\t\t\t\t\t\t\t<div class=\"elementor-spacer\">\n\t\t\t<div class=\"elementor-spacer-inner\"><\/div>\n\t\t<\/div>\n\t\t\t\t\t\t<\/div>\n\t\t\t\t<\/div>\n\t\t\t\t<div class=\"elementor-element elementor-element-e8e77dd elementor-widget elementor-widget-text-editor\" data-id=\"e8e77dd\" data-element_type=\"widget\" data-e-type=\"widget\" data-widget_type=\"text-editor.default\">\n\t\t\t\t<div class=\"elementor-widget-container\">\n\t\t\t\t\t\t\t\t\t<p>Bethlehem Cravings hat sich auf die Herstellung von nativem Oliven\u00f6l sowie den Verkauf von Datteln und einer gro\u00dfen Auswahl an Kr\u00e4uter und Gew\u00fcrze aus dem Nahen Osten in h\u00f6chster Premiumqualit\u00e4t spezialisiert.<\/p><p>Unsere Produkte werden von lokalen B\u00e4uerinnen und Bauern in in der Region Bethlehem nachhaltig angebaut, geerntet und liebevoll verpackt. Dabei unterst\u00fctzen wir lokale Unternehmen, die auch Kleidung, Schmuck, M\u00f6bel und Kunsthandwerke herstellen, von denen viele handgefertigte Unikate sind<\/p><p>Eine enge Zusammenarbeit und ein st\u00e4ndiger Austausch mit unseren Kundinnen und Kunden, als auch mit unseren H\u00e4ndlerinnen und H\u00e4ndlern ist uns sehr wichtig, da wir auf langfristige und vertrauensvolle Partnerschaften hohen Wert legen. Unser Ziel ist es unsere Kundinnen und Kunden auf der ganzen Welt beliefern zu k\u00f6nnen und dabei gleichzeitig sicherzustellen, dass die Nacherntebehandlungs-, Verarbeitungs-, Verpackungs- und Kennzeichnungsanforderungen f\u00fcr jeden Markt weltweit erf\u00fcllt werden.\n\nDa uns die Qualit\u00e4t unserer Produkte sehr am Herzen liegt, k\u00f6nnen wir jedes unserer Produkte bis zu der Plantage oder Werkstatt zur\u00fcckverfolgen. Dabei ist unsere oberste Priorit\u00e4t,  dass die Materialien und Rohstoffe ethisch und nachhaltig bezogen und angebaut werden. Ebenso achten wir strengstens darauf, dass die Arbeiterinnen und Arbeiter auf unseren Partnerplantagen und Verpackungsanlagen unter besten Bedingungen arbeiten und dabei eine gerechte Entlohnung erhalten.<\/p>\t\t\t\t\t\t\t\t<\/div>\n\t\t\t\t<\/div>\n\t\t\t\t\t<\/div>\n\t\t<\/div>\n\t\t\t\t<div class=\"elementor-column elementor-col-50 elementor-top-column elementor-element elementor-element-561a336\" data-id=\"561a336\" data-element_type=\"column\" data-e-type=\"column\">\n\t\t\t<div class=\"elementor-widget-wrap elementor-element-populated\">\n\t\t\t\t\t\t<div class=\"elementor-element elementor-element-fdad9b6 elementor-widget elementor-widget-spacer\" data-id=\"fdad9b6\" data-element_type=\"widget\" data-e-type=\"widget\" data-widget_type=\"spacer.default\">\n\t\t\t\t<div class=\"elementor-widget-container\">\n\t\t\t\t\t\t\t<div class=\"elementor-spacer\">\n\t\t\t<div class=\"elementor-spacer-inner\"><\/div>\n\t\t<\/div>\n\t\t\t\t\t\t<\/div>\n\t\t\t\t<\/div>\n\t\t\t\t<div class=\"elementor-element elementor-element-2ce6c40 elementor-widget elementor-widget-image\" data-id=\"2ce6c40\" data-element_type=\"widget\" data-e-type=\"widget\" data-widget_type=\"image.default\">\n\t\t\t\t<div class=\"elementor-widget-container\">\n\t\t\t\t\t\t\t\t\t\t\t\t\t\t\t<img fetchpriority=\"high\" decoding=\"async\" width=\"1024\" height=\"1024\" src=\"https:\/\/bethlehemcravings.com\/wp-content\/uploads\/2022\/03\/olive-image-1024x1024.jpg\" class=\"attachment-large size-large wp-image-800\" alt=\"\" srcset=\"https:\/\/bethlehemcravings.com\/wp-content\/uploads\/2022\/03\/olive-image-1024x1024.jpg 1024w, https:\/\/bethlehemcravings.com\/wp-content\/uploads\/2022\/03\/olive-image-400x400.jpg 400w, https:\/\/bethlehemcravings.com\/wp-content\/uploads\/2022\/03\/olive-image-100x100.jpg 100w, https:\/\/bethlehemcravings.com\/wp-content\/uploads\/2022\/03\/olive-image-600x600.jpg 600w, https:\/\/bethlehemcravings.com\/wp-content\/uploads\/2022\/03\/olive-image-300x300.jpg 300w, https:\/\/bethlehemcravings.com\/wp-content\/uploads\/2022\/03\/olive-image-150x150.jpg 150w, https:\/\/bethlehemcravings.com\/wp-content\/uploads\/2022\/03\/olive-image-768x768.jpg 768w, https:\/\/bethlehemcravings.com\/wp-content\/uploads\/2022\/03\/olive-image.jpg 1050w\" sizes=\"(max-width: 1024px) 100vw, 1024px\" \/>\t\t\t\t\t\t\t\t\t\t\t\t\t\t\t<\/div>\n\t\t\t\t<\/div>\n\t\t\t\t\t<\/div>\n\t\t<\/div>\n\t\t\t\t\t<\/div>\n\t\t<\/section>\n\t\t\t\t<section class=\"elementor-section elementor-top-section elementor-element elementor-element-636b09c elementor-reverse-tablet elementor-reverse-mobile elementor-section-boxed elementor-section-height-default elementor-section-height-default\" data-id=\"636b09c\" data-element_type=\"section\" data-e-type=\"section\">\n\t\t\t\t\t\t<div class=\"elementor-container elementor-column-gap-default\">\n\t\t\t\t\t<div class=\"elementor-column elementor-col-50 elementor-top-column elementor-element elementor-element-00d0520\" data-id=\"00d0520\" data-element_type=\"column\" data-e-type=\"column\">\n\t\t\t<div class=\"elementor-widget-wrap elementor-element-populated\">\n\t\t\t\t\t\t<div class=\"elementor-element elementor-element-58302e6 elementor-widget elementor-widget-image\" data-id=\"58302e6\" data-element_type=\"widget\" data-e-type=\"widget\" data-widget_type=\"image.default\">\n\t\t\t\t<div class=\"elementor-widget-container\">\n\t\t\t\t\t\t\t\t\t\t\t\t\t\t\t<img decoding=\"async\" src=\"https:\/\/bethlehemcravings.com\/wp-content\/uploads\/elementor\/thumbs\/img-1-pnp68qi6pbixnpng9xd6c7qp72q1s7fpru4yclqnsw.jpg\" title=\"img-1\" alt=\"img-1\" loading=\"lazy\" \/>\t\t\t\t\t\t\t\t\t\t\t\t\t\t\t<\/div>\n\t\t\t\t<\/div>\n\t\t\t\t\t<\/div>\n\t\t<\/div>\n\t\t\t\t<div class=\"elementor-column elementor-col-50 elementor-top-column elementor-element elementor-element-044918c\" data-id=\"044918c\" data-element_type=\"column\" data-e-type=\"column\">\n\t\t\t<div class=\"elementor-widget-wrap elementor-element-populated\">\n\t\t\t\t\t\t<div class=\"elementor-element elementor-element-860983b elementor-widget elementor-widget-spacer\" data-id=\"860983b\" data-element_type=\"widget\" data-e-type=\"widget\" data-widget_type=\"spacer.default\">\n\t\t\t\t<div class=\"elementor-widget-container\">\n\t\t\t\t\t\t\t<div class=\"elementor-spacer\">\n\t\t\t<div class=\"elementor-spacer-inner\"><\/div>\n\t\t<\/div>\n\t\t\t\t\t\t<\/div>\n\t\t\t\t<\/div>\n\t\t\t\t<div class=\"elementor-element elementor-element-691e164 elementor-widget elementor-widget-text-editor\" data-id=\"691e164\" data-element_type=\"widget\" data-e-type=\"widget\" data-widget_type=\"text-editor.default\">\n\t\t\t\t<div class=\"elementor-widget-container\">\n\t\t\t\t\t\t\t\t\t<p>Die einheimischen Bauern wollen wir durch nachhaltige Landwirtschaft unterst\u00fctzen, die der Umwelt nicht schadet. Hierf\u00fcr setzen wir traditionelle, sanftere Methoden ein.<\/p><ul><li>So werden die reifen Oliven zum Beispiel per Hand von den B\u00e4umen gesch\u00fcttelt und Maschinen vermieden, <span style=\"color: #ffffff;\"><strong>um die lokalen Vogelarten zu sch\u00fctzen, die in den Olivenb\u00e4umen nisten.<\/strong><\/span><\/li><li>Auch bei der Verpackung setzen wir auf Nachhaltigkeit, indem wir kompostierbare Materialien verwenden.<\/li><\/ul><p>Im Rahmen unserer Initiativen f\u00fcr soziale Verantwortung und ethische Praktiken bem\u00fchen wir uns bei jedem Schritt um eine verantwortungsvolle, nachhaltige und umweltbewusste Landwirtschaft. Wir sind auch stolz darauf, uns in gemeinn\u00fctzigen Projekten zu engagieren, die sich unter anderem mit der Gleichstellung der Geschlechter und der wirtschaftlichen Integration von Frauen in der Region befassen und das Bewusstsein f\u00fcr ern\u00e4hrungsbedingte Gesundheitsprobleme und Risikofaktoren sch\u00e4rfen.<\/p>\t\t\t\t\t\t\t\t<\/div>\n\t\t\t\t<\/div>\n\t\t\t\t\t<\/div>\n\t\t<\/div>\n\t\t\t\t\t<\/div>\n\t\t<\/section>\n\t\t<div class=\"elementor-element elementor-element-9598d26 e-con-full e-flex e-con e-parent\" data-id=\"9598d26\" data-element_type=\"container\" data-e-type=\"container\">\n\t\t\t\t<div class=\"elementor-element elementor-element-75900d5 elementor-widget elementor-widget-image\" data-id=\"75900d5\" data-element_type=\"widget\" data-e-type=\"widget\" data-widget_type=\"image.default\">\n\t\t\t\t<div class=\"elementor-widget-container\">\n\t\t\t\t\t\t\t\t\t\t\t\t\t\t\t<img decoding=\"async\" width=\"1730\" height=\"69\" src=\"https:\/\/bethlehemcravings.com\/wp-content\/uploads\/2022\/03\/full-bottom-pattern.png\" class=\"attachment-full size-full wp-image-629\" alt=\"\" srcset=\"https:\/\/bethlehemcravings.com\/wp-content\/uploads\/2022\/03\/full-bottom-pattern.png 1730w, https:\/\/bethlehemcravings.com\/wp-content\/uploads\/2022\/03\/full-bottom-pattern-600x24.png 600w, https:\/\/bethlehemcravings.com\/wp-content\/uploads\/2022\/03\/full-bottom-pattern-300x12.png 300w, https:\/\/bethlehemcravings.com\/wp-content\/uploads\/2022\/03\/full-bottom-pattern-1024x41.png 1024w, https:\/\/bethlehemcravings.com\/wp-content\/uploads\/2022\/03\/full-bottom-pattern-768x31.png 768w, https:\/\/bethlehemcravings.com\/wp-content\/uploads\/2022\/03\/full-bottom-pattern-1536x61.png 1536w\" sizes=\"(max-width: 1730px) 100vw, 1730px\" \/>\t\t\t\t\t\t\t\t\t\t\t\t\t\t\t<\/div>\n\t\t\t\t<\/div>\n\t\t\t\t<\/div>\n\t\t\t\t<\/div>","protected":false},"excerpt":{"rendered":"<p>About us We specialize in Producing premium grade extra virgin olive oil, premium Dates, and a variety of local Middle Eastern herbs and spices. Our products are sustainably farmed, harvested, and packed proudly by local farmers in Palestine and Jordan, We also support local Palestinian businesses producing clothing, jewelry, furniture, and other arts &amp; crafts, [&hellip;]<\/p>","protected":false},"author":3,"featured_media":0,"parent":0,"menu_order":0,"comment_status":"closed","ping_status":"closed","template":"","meta":{"site-sidebar-layout":"no-sidebar","site-content-layout":"page-builder","ast-site-content-layout":"","site-content-style":"default","site-sidebar-style":"default","ast-global-header-display":"","ast-banner-title-visibility":"","ast-main-header-display":"","ast-hfb-above-header-display":"","ast-hfb-below-header-display":"","ast-hfb-mobile-header-display":"","site-post-title":"disabled","ast-breadcrumbs-content":"disabled","ast-featured-img":"disabled","footer-sml-layout":"","theme-transparent-header-meta":"enabled","adv-header-id-meta":"","stick-header-meta":"","header-above-stick-meta":"","header-main-stick-meta":"","header-below-stick-meta":"","astra-migrate-meta-layouts":"default","ast-page-background-enabled":"default","ast-page-background-meta":{"desktop":{"background-color":"","background-image":"","background-repeat":"repeat","background-position":"center center","background-size":"auto","background-attachment":"scroll","background-type":"","background-media":"","overlay-type":"","overlay-color":"","overlay-gradient":""},"tablet":{"background-color":"","background-image":"","background-repeat":"repeat","background-position":"center center","background-size":"auto","background-attachment":"scroll","background-type":"","background-media":"","overlay-type":"","overlay-color":"","overlay-gradient":""},"mobile":{"background-color":"","background-image":"","background-repeat":"repeat","background-position":"center center","background-size":"auto","background-attachment":"scroll","background-type":"","background-media":"","overlay-type":"","overlay-color":"","overlay-gradient":""}},"ast-content-background-meta":{"desktop":{"background-color":"var(--ast-global-color-5)","background-image":"","background-repeat":"repeat","background-position":"center center","background-size":"auto","background-attachment":"scroll","background-type":"","background-media":"","overlay-type":"","overlay-color":"","overlay-gradient":""},"tablet":{"background-color":"var(--ast-global-color-5)","background-image":"","background-repeat":"repeat","background-position":"center center","background-size":"auto","background-attachment":"scroll","background-type":"","background-media":"","overlay-type":"","overlay-color":"","overlay-gradient":""},"mobile":{"background-color":"var(--ast-global-color-5)","background-image":"","background-repeat":"repeat","background-position":"center center","background-size":"auto","background-attachment":"scroll","background-type":"","background-media":"","overlay-type":"","overlay-color":"","overlay-gradient":""}},"footnotes":""},"class_list":["post-575","page","type-page","status-publish","hentry"],"yoast_head":"<!-- This site is optimized with the Yoast SEO plugin v26.9 - https:\/\/yoast.com\/product\/yoast-seo-wordpress\/ -->\n<title>About Us - Bethlehemcravings<\/title>\n<meta name=\"robots\" content=\"index, follow, max-snippet:-1, max-image-preview:large, max-video-preview:-1\" \/>\n<link rel=\"canonical\" href=\"https:\/\/bethlehemcravings.com\/de\/about-us\/\" \/>\n<meta property=\"og:locale\" content=\"de_DE\" \/>\n<meta property=\"og:type\" content=\"article\" \/>\n<meta property=\"og:title\" content=\"About Us - Bethlehemcravings\" \/>\n<meta property=\"og:description\" content=\"About us We specialize in Producing premium grade extra virgin olive oil, premium Dates, and a variety of local Middle Eastern herbs and spices. Our products are sustainably farmed, harvested, and packed proudly by local farmers in Palestine and Jordan, We also support local Palestinian businesses producing clothing, jewelry, furniture, and other arts &amp; crafts, [&hellip;]\" \/>\n<meta property=\"og:url\" content=\"https:\/\/bethlehemcravings.com\/de\/about-us\/\" \/>\n<meta property=\"og:site_name\" content=\"Bethlehemcravings\" \/>\n<meta property=\"article:publisher\" content=\"https:\/\/www.facebook.com\/SSirhan\" \/>\n<meta property=\"article:modified_time\" content=\"2026-01-19T14:24:06+00:00\" \/>\n<meta property=\"og:image\" content=\"https:\/\/bethlehemcravings.com\/wp-content\/uploads\/2022\/03\/olive-image.jpg\" \/>\n\t<meta property=\"og:image:width\" content=\"1050\" \/>\n\t<meta property=\"og:image:height\" content=\"1050\" \/>\n\t<meta property=\"og:image:type\" content=\"image\/jpeg\" \/>\n<meta name=\"twitter:card\" content=\"summary_large_image\" \/>\n<meta name=\"twitter:label1\" content=\"Gesch\u00e4tzte Lesezeit\" \/>\n\t<meta name=\"twitter:data1\" content=\"2\u00a0Minuten\" \/>\n<script type=\"application\/ld+json\" class=\"yoast-schema-graph\">{\"@context\":\"https:\/\/schema.org\",\"@graph\":[{\"@type\":\"WebPage\",\"@id\":\"https:\/\/bethlehemcravings.com\/about-us\/\",\"url\":\"https:\/\/bethlehemcravings.com\/about-us\/\",\"name\":\"About Us - Bethlehemcravings\",\"isPartOf\":{\"@id\":\"https:\/\/bethlehemcravings.com\/#website\"},\"primaryImageOfPage\":{\"@id\":\"https:\/\/bethlehemcravings.com\/about-us\/#primaryimage\"},\"image\":{\"@id\":\"https:\/\/bethlehemcravings.com\/about-us\/#primaryimage\"},\"thumbnailUrl\":\"https:\/\/bethlehemcravings.com\/wp-content\/uploads\/2022\/03\/olive-image-1024x1024.jpg\",\"datePublished\":\"2021-02-23T10:04:36+00:00\",\"dateModified\":\"2026-01-19T14:24:06+00:00\",\"breadcrumb\":{\"@id\":\"https:\/\/bethlehemcravings.com\/about-us\/#breadcrumb\"},\"inLanguage\":\"de\",\"potentialAction\":[{\"@type\":\"ReadAction\",\"target\":[\"https:\/\/bethlehemcravings.com\/about-us\/\"]}]},{\"@type\":\"ImageObject\",\"inLanguage\":\"de\",\"@id\":\"https:\/\/bethlehemcravings.com\/about-us\/#primaryimage\",\"url\":\"https:\/\/bethlehemcravings.com\/wp-content\/uploads\/2022\/03\/olive-image-1024x1024.jpg\",\"contentUrl\":\"https:\/\/bethlehemcravings.com\/wp-content\/uploads\/2022\/03\/olive-image-1024x1024.jpg\"},{\"@type\":\"BreadcrumbList\",\"@id\":\"https:\/\/bethlehemcravings.com\/about-us\/#breadcrumb\",\"itemListElement\":[{\"@type\":\"ListItem\",\"position\":1,\"name\":\"Home\",\"item\":\"https:\/\/bethlehemcravings.com\/\"},{\"@type\":\"ListItem\",\"position\":2,\"name\":\"About Us\"}]},{\"@type\":\"WebSite\",\"@id\":\"https:\/\/bethlehemcravings.com\/#website\",\"url\":\"https:\/\/bethlehemcravings.com\/\",\"name\":\"Bethlehemcravings\",\"description\":\"We specialize in Producing premium grade organic products.\",\"publisher\":{\"@id\":\"https:\/\/bethlehemcravings.com\/#organization\"},\"potentialAction\":[{\"@type\":\"SearchAction\",\"target\":{\"@type\":\"EntryPoint\",\"urlTemplate\":\"https:\/\/bethlehemcravings.com\/?s={search_term_string}\"},\"query-input\":{\"@type\":\"PropertyValueSpecification\",\"valueRequired\":true,\"valueName\":\"search_term_string\"}}],\"inLanguage\":\"de\"},{\"@type\":\"Organization\",\"@id\":\"https:\/\/bethlehemcravings.com\/#organization\",\"name\":\"Ace Enterprises\",\"url\":\"https:\/\/bethlehemcravings.com\/\",\"logo\":{\"@type\":\"ImageObject\",\"inLanguage\":\"de\",\"@id\":\"https:\/\/bethlehemcravings.com\/#\/schema\/logo\/image\/\",\"url\":\"https:\/\/bethlehemcravings.com\/wp-content\/uploads\/2022\/03\/BC-White-Logo-e1652949555407.png\",\"contentUrl\":\"https:\/\/bethlehemcravings.com\/wp-content\/uploads\/2022\/03\/BC-White-Logo-e1652949555407.png\",\"width\":2400,\"height\":1392,\"caption\":\"Ace Enterprises\"},\"image\":{\"@id\":\"https:\/\/bethlehemcravings.com\/#\/schema\/logo\/image\/\"},\"sameAs\":[\"https:\/\/www.facebook.com\/SSirhan\",\"https:\/\/www.instagram.com\/bethlehem_cravings\/\"]}]}<\/script>\n<!-- \/ Yoast SEO plugin. -->","yoast_head_json":{"title":"About Us - Bethlehemcravings","robots":{"index":"index","follow":"follow","max-snippet":"max-snippet:-1","max-image-preview":"max-image-preview:large","max-video-preview":"max-video-preview:-1"},"canonical":"https:\/\/bethlehemcravings.com\/de\/about-us\/","og_locale":"de_DE","og_type":"article","og_title":"About Us - Bethlehemcravings","og_description":"About us We specialize in Producing premium grade extra virgin olive oil, premium Dates, and a variety of local Middle Eastern herbs and spices. Our products are sustainably farmed, harvested, and packed proudly by local farmers in Palestine and Jordan, We also support local Palestinian businesses producing clothing, jewelry, furniture, and other arts &amp; crafts, [&hellip;]","og_url":"https:\/\/bethlehemcravings.com\/de\/about-us\/","og_site_name":"Bethlehemcravings","article_publisher":"https:\/\/www.facebook.com\/SSirhan","article_modified_time":"2026-01-19T14:24:06+00:00","og_image":[{"width":1050,"height":1050,"url":"https:\/\/bethlehemcravings.com\/wp-content\/uploads\/2022\/03\/olive-image.jpg","type":"image\/jpeg"}],"twitter_card":"summary_large_image","twitter_misc":{"Gesch\u00e4tzte Lesezeit":"2\u00a0Minuten"},"schema":{"@context":"https:\/\/schema.org","@graph":[{"@type":"WebPage","@id":"https:\/\/bethlehemcravings.com\/about-us\/","url":"https:\/\/bethlehemcravings.com\/about-us\/","name":"About Us - Bethlehemcravings","isPartOf":{"@id":"https:\/\/bethlehemcravings.com\/#website"},"primaryImageOfPage":{"@id":"https:\/\/bethlehemcravings.com\/about-us\/#primaryimage"},"image":{"@id":"https:\/\/bethlehemcravings.com\/about-us\/#primaryimage"},"thumbnailUrl":"https:\/\/bethlehemcravings.com\/wp-content\/uploads\/2022\/03\/olive-image-1024x1024.jpg","datePublished":"2021-02-23T10:04:36+00:00","dateModified":"2026-01-19T14:24:06+00:00","breadcrumb":{"@id":"https:\/\/bethlehemcravings.com\/about-us\/#breadcrumb"},"inLanguage":"de","potentialAction":[{"@type":"ReadAction","target":["https:\/\/bethlehemcravings.com\/about-us\/"]}]},{"@type":"ImageObject","inLanguage":"de","@id":"https:\/\/bethlehemcravings.com\/about-us\/#primaryimage","url":"https:\/\/bethlehemcravings.com\/wp-content\/uploads\/2022\/03\/olive-image-1024x1024.jpg","contentUrl":"https:\/\/bethlehemcravings.com\/wp-content\/uploads\/2022\/03\/olive-image-1024x1024.jpg"},{"@type":"BreadcrumbList","@id":"https:\/\/bethlehemcravings.com\/about-us\/#breadcrumb","itemListElement":[{"@type":"ListItem","position":1,"name":"Home","item":"https:\/\/bethlehemcravings.com\/"},{"@type":"ListItem","position":2,"name":"About Us"}]},{"@type":"WebSite","@id":"https:\/\/bethlehemcravings.com\/#website","url":"https:\/\/bethlehemcravings.com\/","name":"Bethlehemcravings","description":"We specialize in Producing premium grade organic products.","publisher":{"@id":"https:\/\/bethlehemcravings.com\/#organization"},"potentialAction":[{"@type":"SearchAction","target":{"@type":"EntryPoint","urlTemplate":"https:\/\/bethlehemcravings.com\/?s={search_term_string}"},"query-input":{"@type":"PropertyValueSpecification","valueRequired":true,"valueName":"search_term_string"}}],"inLanguage":"de"},{"@type":"Organization","@id":"https:\/\/bethlehemcravings.com\/#organization","name":"Ace Enterprises","url":"https:\/\/bethlehemcravings.com\/","logo":{"@type":"ImageObject","inLanguage":"de","@id":"https:\/\/bethlehemcravings.com\/#\/schema\/logo\/image\/","url":"https:\/\/bethlehemcravings.com\/wp-content\/uploads\/2022\/03\/BC-White-Logo-e1652949555407.png","contentUrl":"https:\/\/bethlehemcravings.com\/wp-content\/uploads\/2022\/03\/BC-White-Logo-e1652949555407.png","width":2400,"height":1392,"caption":"Ace Enterprises"},"image":{"@id":"https:\/\/bethlehemcravings.com\/#\/schema\/logo\/image\/"},"sameAs":["https:\/\/www.facebook.com\/SSirhan","https:\/\/www.instagram.com\/bethlehem_cravings\/"]}]}},"_links":{"self":[{"href":"https:\/\/bethlehemcravings.com\/de\/wp-json\/wp\/v2\/pages\/575","targetHints":{"allow":["GET"]}}],"collection":[{"href":"https:\/\/bethlehemcravings.com\/de\/wp-json\/wp\/v2\/pages"}],"about":[{"href":"https:\/\/bethlehemcravings.com\/de\/wp-json\/wp\/v2\/types\/page"}],"author":[{"embeddable":true,"href":"https:\/\/bethlehemcravings.com\/de\/wp-json\/wp\/v2\/users\/3"}],"replies":[{"embeddable":true,"href":"https:\/\/bethlehemcravings.com\/de\/wp-json\/wp\/v2\/comments?post=575"}],"version-history":[{"count":256,"href":"https:\/\/bethlehemcravings.com\/de\/wp-json\/wp\/v2\/pages\/575\/revisions"}],"predecessor-version":[{"id":2865,"href":"https:\/\/bethlehemcravings.com\/de\/wp-json\/wp\/v2\/pages\/575\/revisions\/2865"}],"wp:attachment":[{"href":"https:\/\/bethlehemcravings.com\/de\/wp-json\/wp\/v2\/media?parent=575"}],"curies":[{"name":"wp","href":"https:\/\/api.w.org\/{rel}","templated":true}]}}