{"id":2026,"date":"2022-05-01T15:14:21","date_gmt":"2022-05-01T15:14:21","guid":{"rendered":"https:\/\/bethlehemcravings.com\/?post_type=product&#038;p=2026"},"modified":"2022-07-26T10:00:22","modified_gmt":"2022-07-26T10:00:22","slug":"la-ansaki-falasteen-long-sleeve-hoodie","status":"publish","type":"product","link":"https:\/\/bethlehemcravings.com\/de\/produkt\/la-ansaki-falasteen-long-sleeve-hoodie\/","title":{"rendered":"La Ansaki Kapuzenpulli mit langen \u00c4rmeln"},"content":{"rendered":"<p>&nbsp;<\/p>\n<ul>\n<li><strong>Material:<\/strong>\u00a0Hergestellt aus 100 % gek\u00e4mmtem Single-Jersey-Baumwolle.<\/li>\n<li><strong>Gewicht:<\/strong>\u00a0175 g\/m\u00b2 (Wei\u00df) 150 g\/m\u00b2 (Farben).<\/li>\n<li>1\u00d71 Rippe aus Baumwolle\/Elastan, Nackenband aus Eigengewebe.<\/li>\n<li>Feine Maschenprobe f\u00fcr bessere Bedruckbarkeit.<\/li>\n<li><strong>Pflegehinweise:<\/strong> In kaltem Wasser mit \u00e4hnlichen Farben im Schonwaschgang von innen nach au\u00dfen waschen. B\u00fcgeln: Wenn Sie den Stoff b\u00fcgeln m\u00fcssen, b\u00fcgeln Sie ihn von innen nach au\u00dfen auf der niedrigsten Stufe (b\u00fcgeln Sie nicht das aufgedruckte Design). Trocknen: Im W\u00e4schetrockner auf niedriger Stufe oder h\u00e4ngend trocknen. Tabus: Keine Bleichmittel verwenden und nicht chemisch reinigen.<\/li>\n<\/ul>\n<p><img fetchpriority=\"high\" decoding=\"async\" class=\"alignnone wp-image-2031\" src=\"https:\/\/bethlehemcravings.com\/wp-content\/uploads\/2022\/05\/size_chart_Withoud_Title-13-min-300x118.jpg\" alt=\"\" width=\"488\" height=\"192\" srcset=\"https:\/\/bethlehemcravings.com\/wp-content\/uploads\/2022\/05\/size_chart_Withoud_Title-13-min-300x118.jpg 300w, https:\/\/bethlehemcravings.com\/wp-content\/uploads\/2022\/05\/size_chart_Withoud_Title-13-min-1024x403.jpg 1024w, https:\/\/bethlehemcravings.com\/wp-content\/uploads\/2022\/05\/size_chart_Withoud_Title-13-min-768x302.jpg 768w, https:\/\/bethlehemcravings.com\/wp-content\/uploads\/2022\/05\/size_chart_Withoud_Title-13-min-1536x605.jpg 1536w, https:\/\/bethlehemcravings.com\/wp-content\/uploads\/2022\/05\/size_chart_Withoud_Title-13-min-2048x806.jpg 2048w, https:\/\/bethlehemcravings.com\/wp-content\/uploads\/2022\/05\/size_chart_Withoud_Title-13-min-18x7.jpg 18w, https:\/\/bethlehemcravings.com\/wp-content\/uploads\/2022\/05\/size_chart_Withoud_Title-13-min-600x236.jpg 600w\" sizes=\"(max-width: 488px) 100vw, 488px\" \/><\/p>","protected":false},"excerpt":{"rendered":"<p>&nbsp; Material:\u00a0Made from 100% cotton single jersey combed fabric. Weight:\u00a0175gm\/m\u00b2 (White) 150gm\/m\u00b2 (Colors). 1&#215;1 cotton\/elastane rib, Self-fabric back neck tape. Fine knit gauge for enhanced printability. Care Instructions: Wash inside out with cold water with similar colors using a gentle cycle. Ironing: If ironing is necessary, iron inside-out on the lowest setting (Do not iron [&hellip;]<\/p>","protected":false},"featured_media":2032,"comment_status":"open","ping_status":"closed","template":"","meta":{"site-sidebar-layout":"default","site-content-layout":"default","ast-site-content-layout":"","site-content-style":"default","site-sidebar-style":"default","ast-global-header-display":"","ast-banner-title-visibility":"","ast-main-header-display":"","ast-hfb-above-header-display":"","ast-hfb-below-header-display":"","ast-hfb-mobile-header-display":"","site-post-title":"","ast-breadcrumbs-content":"","ast-featured-img":"","footer-sml-layout":"","theme-transparent-header-meta":"default","adv-header-id-meta":"","stick-header-meta":"","header-above-stick-meta":"","header-main-stick-meta":"","header-below-stick-meta":"","astra-migrate-meta-layouts":"default","ast-page-background-enabled":"default","ast-page-background-meta":{"desktop":{"background-color":"","background-image":"","background-repeat":"repeat","background-position":"center center","background-size":"auto","background-attachment":"scroll","background-type":"","background-media":"","overlay-type":"","overlay-color":"","overlay-gradient":""},"tablet":{"background-color":"","background-image":"","background-repeat":"repeat","background-position":"center center","background-size":"auto","background-attachment":"scroll","background-type":"","background-media":"","overlay-type":"","overlay-color":"","overlay-gradient":""},"mobile":{"background-color":"","background-image":"","background-repeat":"repeat","background-position":"center center","background-size":"auto","background-attachment":"scroll","background-type":"","background-media":"","overlay-type":"","overlay-color":"","overlay-gradient":""}},"ast-content-background-meta":{"desktop":{"background-color":"var(--ast-global-color-5)","background-image":"","background-repeat":"repeat","background-position":"center center","background-size":"auto","background-attachment":"scroll","background-type":"","background-media":"","overlay-type":"","overlay-color":"","overlay-gradient":""},"tablet":{"background-color":"var(--ast-global-color-5)","background-image":"","background-repeat":"repeat","background-position":"center center","background-size":"auto","background-attachment":"scroll","background-type":"","background-media":"","overlay-type":"","overlay-color":"","overlay-gradient":""},"mobile":{"background-color":"var(--ast-global-color-5)","background-image":"","background-repeat":"repeat","background-position":"center center","background-size":"auto","background-attachment":"scroll","background-type":"","background-media":"","overlay-type":"","overlay-color":"","overlay-gradient":""}}},"product_brand":[],"product_cat":[43,52],"product_tag":[51],"class_list":{"0":"post-2026","1":"product","2":"type-product","3":"status-publish","4":"has-post-thumbnail","6":"product_cat-fashion","7":"product_cat-women","8":"product_tag-tshirt","9":"desktop-align-center","10":"tablet-align-left","11":"mobile-align-left","13":"first","14":"instock","15":"taxable","16":"shipping-taxable","17":"purchasable","18":"product-type-variable"},"yoast_head":"<!-- This site is optimized with the Yoast SEO plugin v26.9 - https:\/\/yoast.com\/product\/yoast-seo-wordpress\/ -->\n<title>La Ansaki Long Sleeve Hoodie - Bethlehemcravings<\/title>\n<meta name=\"robots\" content=\"index, follow, max-snippet:-1, max-image-preview:large, max-video-preview:-1\" \/>\n<link rel=\"canonical\" href=\"https:\/\/bethlehemcravings.com\/de\/produkt\/la-ansaki-falasteen-long-sleeve-hoodie\/\" \/>\n<meta property=\"og:locale\" content=\"de_DE\" \/>\n<meta property=\"og:type\" content=\"article\" \/>\n<meta property=\"og:title\" content=\"La Ansaki Long Sleeve Hoodie - Bethlehemcravings\" \/>\n<meta property=\"og:description\" content=\"&nbsp; Material:\u00a0Made from 100% cotton single jersey combed fabric. Weight:\u00a0175gm\/m\u00b2 (White) 150gm\/m\u00b2 (Colors). 1&#215;1 cotton\/elastane rib, Self-fabric back neck tape. Fine knit gauge for enhanced printability. Care Instructions: Wash inside out with cold water with similar colors using a gentle cycle. Ironing: If ironing is necessary, iron inside-out on the lowest setting (Do not iron [&hellip;]\" \/>\n<meta property=\"og:url\" content=\"https:\/\/bethlehemcravings.com\/de\/produkt\/la-ansaki-falasteen-long-sleeve-hoodie\/\" \/>\n<meta property=\"og:site_name\" content=\"Bethlehemcravings\" \/>\n<meta property=\"article:publisher\" content=\"https:\/\/www.facebook.com\/SSirhan\" \/>\n<meta property=\"article:modified_time\" content=\"2022-07-26T10:00:22+00:00\" \/>\n<meta property=\"og:image\" content=\"https:\/\/bethlehemcravings.com\/wp-content\/uploads\/2022\/05\/20220320_212132.jpg\" \/>\n\t<meta property=\"og:image:width\" content=\"1080\" \/>\n\t<meta property=\"og:image:height\" content=\"1121\" \/>\n\t<meta property=\"og:image:type\" content=\"image\/jpeg\" \/>\n<meta name=\"twitter:card\" content=\"summary_large_image\" \/>\n<script type=\"application\/ld+json\" class=\"yoast-schema-graph\">{\"@context\":\"https:\/\/schema.org\",\"@graph\":[{\"@type\":\"WebPage\",\"@id\":\"https:\/\/bethlehemcravings.com\/product\/la-ansaki-falasteen-long-sleeve-hoodie\/\",\"url\":\"https:\/\/bethlehemcravings.com\/product\/la-ansaki-falasteen-long-sleeve-hoodie\/\",\"name\":\"La Ansaki Long Sleeve Hoodie - Bethlehemcravings\",\"isPartOf\":{\"@id\":\"https:\/\/bethlehemcravings.com\/#website\"},\"primaryImageOfPage\":{\"@id\":\"https:\/\/bethlehemcravings.com\/product\/la-ansaki-falasteen-long-sleeve-hoodie\/#primaryimage\"},\"image\":{\"@id\":\"https:\/\/bethlehemcravings.com\/product\/la-ansaki-falasteen-long-sleeve-hoodie\/#primaryimage\"},\"thumbnailUrl\":\"https:\/\/bethlehemcravings.com\/wp-content\/uploads\/2022\/05\/20220320_212132.jpg\",\"datePublished\":\"2022-05-01T15:14:21+00:00\",\"dateModified\":\"2022-07-26T10:00:22+00:00\",\"breadcrumb\":{\"@id\":\"https:\/\/bethlehemcravings.com\/product\/la-ansaki-falasteen-long-sleeve-hoodie\/#breadcrumb\"},\"inLanguage\":\"de\",\"potentialAction\":[{\"@type\":\"ReadAction\",\"target\":[\"https:\/\/bethlehemcravings.com\/product\/la-ansaki-falasteen-long-sleeve-hoodie\/\"]}]},{\"@type\":\"ImageObject\",\"inLanguage\":\"de\",\"@id\":\"https:\/\/bethlehemcravings.com\/product\/la-ansaki-falasteen-long-sleeve-hoodie\/#primaryimage\",\"url\":\"https:\/\/bethlehemcravings.com\/wp-content\/uploads\/2022\/05\/20220320_212132.jpg\",\"contentUrl\":\"https:\/\/bethlehemcravings.com\/wp-content\/uploads\/2022\/05\/20220320_212132.jpg\",\"width\":1080,\"height\":1121},{\"@type\":\"BreadcrumbList\",\"@id\":\"https:\/\/bethlehemcravings.com\/product\/la-ansaki-falasteen-long-sleeve-hoodie\/#breadcrumb\",\"itemListElement\":[{\"@type\":\"ListItem\",\"position\":1,\"name\":\"Home\",\"item\":\"https:\/\/bethlehemcravings.com\/\"},{\"@type\":\"ListItem\",\"position\":2,\"name\":\"Shop\",\"item\":\"https:\/\/bethlehemcravings.com\/shop\/\"},{\"@type\":\"ListItem\",\"position\":3,\"name\":\"La Ansaki Long Sleeve Hoodie\"}]},{\"@type\":\"WebSite\",\"@id\":\"https:\/\/bethlehemcravings.com\/#website\",\"url\":\"https:\/\/bethlehemcravings.com\/\",\"name\":\"Bethlehemcravings\",\"description\":\"We specialize in Producing premium grade organic products.\",\"publisher\":{\"@id\":\"https:\/\/bethlehemcravings.com\/#organization\"},\"potentialAction\":[{\"@type\":\"SearchAction\",\"target\":{\"@type\":\"EntryPoint\",\"urlTemplate\":\"https:\/\/bethlehemcravings.com\/?s={search_term_string}\"},\"query-input\":{\"@type\":\"PropertyValueSpecification\",\"valueRequired\":true,\"valueName\":\"search_term_string\"}}],\"inLanguage\":\"de\"},{\"@type\":\"Organization\",\"@id\":\"https:\/\/bethlehemcravings.com\/#organization\",\"name\":\"Ace Enterprises\",\"url\":\"https:\/\/bethlehemcravings.com\/\",\"logo\":{\"@type\":\"ImageObject\",\"inLanguage\":\"de\",\"@id\":\"https:\/\/bethlehemcravings.com\/#\/schema\/logo\/image\/\",\"url\":\"https:\/\/bethlehemcravings.com\/wp-content\/uploads\/2022\/03\/BC-White-Logo-e1652949555407.png\",\"contentUrl\":\"https:\/\/bethlehemcravings.com\/wp-content\/uploads\/2022\/03\/BC-White-Logo-e1652949555407.png\",\"width\":2400,\"height\":1392,\"caption\":\"Ace Enterprises\"},\"image\":{\"@id\":\"https:\/\/bethlehemcravings.com\/#\/schema\/logo\/image\/\"},\"sameAs\":[\"https:\/\/www.facebook.com\/SSirhan\",\"https:\/\/www.instagram.com\/bethlehem_cravings\/\"]}]}<\/script>\n<!-- \/ Yoast SEO plugin. -->","yoast_head_json":{"title":"La Ansaki Long Sleeve Hoodie - Bethlehemcravings","robots":{"index":"index","follow":"follow","max-snippet":"max-snippet:-1","max-image-preview":"max-image-preview:large","max-video-preview":"max-video-preview:-1"},"canonical":"https:\/\/bethlehemcravings.com\/de\/produkt\/la-ansaki-falasteen-long-sleeve-hoodie\/","og_locale":"de_DE","og_type":"article","og_title":"La Ansaki Long Sleeve Hoodie - Bethlehemcravings","og_description":"&nbsp; Material:\u00a0Made from 100% cotton single jersey combed fabric. Weight:\u00a0175gm\/m\u00b2 (White) 150gm\/m\u00b2 (Colors). 1&#215;1 cotton\/elastane rib, Self-fabric back neck tape. Fine knit gauge for enhanced printability. Care Instructions: Wash inside out with cold water with similar colors using a gentle cycle. Ironing: If ironing is necessary, iron inside-out on the lowest setting (Do not iron [&hellip;]","og_url":"https:\/\/bethlehemcravings.com\/de\/produkt\/la-ansaki-falasteen-long-sleeve-hoodie\/","og_site_name":"Bethlehemcravings","article_publisher":"https:\/\/www.facebook.com\/SSirhan","article_modified_time":"2022-07-26T10:00:22+00:00","og_image":[{"width":1080,"height":1121,"url":"https:\/\/bethlehemcravings.com\/wp-content\/uploads\/2022\/05\/20220320_212132.jpg","type":"image\/jpeg"}],"twitter_card":"summary_large_image","schema":{"@context":"https:\/\/schema.org","@graph":[{"@type":"WebPage","@id":"https:\/\/bethlehemcravings.com\/product\/la-ansaki-falasteen-long-sleeve-hoodie\/","url":"https:\/\/bethlehemcravings.com\/product\/la-ansaki-falasteen-long-sleeve-hoodie\/","name":"La Ansaki Long Sleeve Hoodie - Bethlehemcravings","isPartOf":{"@id":"https:\/\/bethlehemcravings.com\/#website"},"primaryImageOfPage":{"@id":"https:\/\/bethlehemcravings.com\/product\/la-ansaki-falasteen-long-sleeve-hoodie\/#primaryimage"},"image":{"@id":"https:\/\/bethlehemcravings.com\/product\/la-ansaki-falasteen-long-sleeve-hoodie\/#primaryimage"},"thumbnailUrl":"https:\/\/bethlehemcravings.com\/wp-content\/uploads\/2022\/05\/20220320_212132.jpg","datePublished":"2022-05-01T15:14:21+00:00","dateModified":"2022-07-26T10:00:22+00:00","breadcrumb":{"@id":"https:\/\/bethlehemcravings.com\/product\/la-ansaki-falasteen-long-sleeve-hoodie\/#breadcrumb"},"inLanguage":"de","potentialAction":[{"@type":"ReadAction","target":["https:\/\/bethlehemcravings.com\/product\/la-ansaki-falasteen-long-sleeve-hoodie\/"]}]},{"@type":"ImageObject","inLanguage":"de","@id":"https:\/\/bethlehemcravings.com\/product\/la-ansaki-falasteen-long-sleeve-hoodie\/#primaryimage","url":"https:\/\/bethlehemcravings.com\/wp-content\/uploads\/2022\/05\/20220320_212132.jpg","contentUrl":"https:\/\/bethlehemcravings.com\/wp-content\/uploads\/2022\/05\/20220320_212132.jpg","width":1080,"height":1121},{"@type":"BreadcrumbList","@id":"https:\/\/bethlehemcravings.com\/product\/la-ansaki-falasteen-long-sleeve-hoodie\/#breadcrumb","itemListElement":[{"@type":"ListItem","position":1,"name":"Home","item":"https:\/\/bethlehemcravings.com\/"},{"@type":"ListItem","position":2,"name":"Shop","item":"https:\/\/bethlehemcravings.com\/shop\/"},{"@type":"ListItem","position":3,"name":"La Ansaki Long Sleeve Hoodie"}]},{"@type":"WebSite","@id":"https:\/\/bethlehemcravings.com\/#website","url":"https:\/\/bethlehemcravings.com\/","name":"Bethlehemcravings","description":"We specialize in Producing premium grade organic products.","publisher":{"@id":"https:\/\/bethlehemcravings.com\/#organization"},"potentialAction":[{"@type":"SearchAction","target":{"@type":"EntryPoint","urlTemplate":"https:\/\/bethlehemcravings.com\/?s={search_term_string}"},"query-input":{"@type":"PropertyValueSpecification","valueRequired":true,"valueName":"search_term_string"}}],"inLanguage":"de"},{"@type":"Organization","@id":"https:\/\/bethlehemcravings.com\/#organization","name":"Ace Enterprises","url":"https:\/\/bethlehemcravings.com\/","logo":{"@type":"ImageObject","inLanguage":"de","@id":"https:\/\/bethlehemcravings.com\/#\/schema\/logo\/image\/","url":"https:\/\/bethlehemcravings.com\/wp-content\/uploads\/2022\/03\/BC-White-Logo-e1652949555407.png","contentUrl":"https:\/\/bethlehemcravings.com\/wp-content\/uploads\/2022\/03\/BC-White-Logo-e1652949555407.png","width":2400,"height":1392,"caption":"Ace Enterprises"},"image":{"@id":"https:\/\/bethlehemcravings.com\/#\/schema\/logo\/image\/"},"sameAs":["https:\/\/www.facebook.com\/SSirhan","https:\/\/www.instagram.com\/bethlehem_cravings\/"]}]}},"_links":{"self":[{"href":"https:\/\/bethlehemcravings.com\/de\/wp-json\/wp\/v2\/product\/2026","targetHints":{"allow":["GET"]}}],"collection":[{"href":"https:\/\/bethlehemcravings.com\/de\/wp-json\/wp\/v2\/product"}],"about":[{"href":"https:\/\/bethlehemcravings.com\/de\/wp-json\/wp\/v2\/types\/product"}],"replies":[{"embeddable":true,"href":"https:\/\/bethlehemcravings.com\/de\/wp-json\/wp\/v2\/comments?post=2026"}],"wp:featuredmedia":[{"embeddable":true,"href":"https:\/\/bethlehemcravings.com\/de\/wp-json\/wp\/v2\/media\/2032"}],"wp:attachment":[{"href":"https:\/\/bethlehemcravings.com\/de\/wp-json\/wp\/v2\/media?parent=2026"}],"wp:term":[{"taxonomy":"product_brand","embeddable":true,"href":"https:\/\/bethlehemcravings.com\/de\/wp-json\/wp\/v2\/product_brand?post=2026"},{"taxonomy":"product_cat","embeddable":true,"href":"https:\/\/bethlehemcravings.com\/de\/wp-json\/wp\/v2\/product_cat?post=2026"},{"taxonomy":"product_tag","embeddable":true,"href":"https:\/\/bethlehemcravings.com\/de\/wp-json\/wp\/v2\/product_tag?post=2026"}],"curies":[{"name":"wp","href":"https:\/\/api.w.org\/{rel}","templated":true}]}}