{"id":2121,"date":"2022-05-11T15:59:14","date_gmt":"2022-05-11T15:59:14","guid":{"rendered":"https:\/\/bethlehemcravings.com\/?post_type=product&#038;p=2121"},"modified":"2024-11-05T18:09:10","modified_gmt":"2024-11-05T18:09:10","slug":"vegan-medjool-dates-large-class-a-100g","status":"publish","type":"product","link":"https:\/\/bethlehemcravings.com\/de\/produkt\/vegan-medjool-dates-large-class-a-100g\/","title":{"rendered":"Vegan medjool Datteln Larg A klasse 100g"},"content":{"rendered":"<p><strong>Packungsgr\u00f6sse (g\/ml) : 100g<\/strong><\/p>\n<h3>N\u00e4hrwertangaben:<\/h3>\n<table dir=\"ltr\" border=\"1\" cellspacing=\"0\" cellpadding=\"0\">\n<colgroup>\n<col width=\"318\" \/>\n<col width=\"102\" \/><\/colgroup>\n<tbody>\n<tr>\n<td data-sheets-value=\"{&quot;1&quot;:2,&quot;2&quot;:&quot;Typische Werte &quot;}\">Typische Werte<\/td>\n<td data-sheets-value=\"{&quot;1&quot;:2,&quot;2&quot;:&quot;per 100g&quot;}\">per 100g<\/td>\n<\/tr>\n<tr>\n<td data-sheets-value=\"{&quot;1&quot;:2,&quot;2&quot;:&quot;Energie kj\/kcal&quot;}\">Energie kj\/kcal<\/td>\n<td data-sheets-value=\"{&quot;1&quot;:2,&quot;2&quot;:&quot;1186\/283&quot;}\">1186\/283<\/td>\n<\/tr>\n<tr>\n<td data-sheets-value=\"{&quot;1&quot;:2,&quot;2&quot;:&quot;Fett &quot;}\">Fett<\/td>\n<td data-sheets-value=\"{&quot;1&quot;:2,&quot;2&quot;:&quot;&lt;0.5g&quot;}\">&lt;0.5g<\/td>\n<\/tr>\n<tr>\n<td data-sheets-value=\"{&quot;1&quot;:2,&quot;2&quot;:&quot;davon ges\u00e4ttigte Fetts\u00e4uren&quot;}\">davon ges\u00e4ttigte Fetts\u00e4uren<\/td>\n<td data-sheets-value=\"{&quot;1&quot;:2,&quot;2&quot;:&quot;0.1g&quot;}\">0.1g<\/td>\n<\/tr>\n<tr>\n<td data-sheets-value=\"{&quot;1&quot;:2,&quot;2&quot;:&quot;Kohlenhydrate&quot;}\">Kohlenhydrate<\/td>\n<td data-sheets-value=\"{&quot;1&quot;:2,&quot;2&quot;:&quot;66g&quot;}\">66g<\/td>\n<\/tr>\n<tr>\n<td data-sheets-value=\"{&quot;1&quot;:2,&quot;2&quot;:&quot;davon Zucker &quot;}\">davon Zucker<\/td>\n<td data-sheets-value=\"{&quot;1&quot;:2,&quot;2&quot;:&quot;66g&quot;}\">66g<\/td>\n<\/tr>\n<tr>\n<td data-sheets-value=\"{&quot;1&quot;:2,&quot;2&quot;:&quot;Ballaststoffe&quot;}\">Ballaststoffe<\/td>\n<td data-sheets-value=\"{&quot;1&quot;:2,&quot;2&quot;:&quot;6.2g&quot;}\">6.2g<\/td>\n<\/tr>\n<tr>\n<td data-sheets-value=\"{&quot;1&quot;:2,&quot;2&quot;:&quot;Eiwei\u00df&quot;}\">Eiwei\u00df<\/td>\n<td data-sheets-value=\"{&quot;1&quot;:2,&quot;2&quot;:&quot;2.3g&quot;}\">2.3g<\/td>\n<\/tr>\n<tr>\n<td data-sheets-value=\"{&quot;1&quot;:2,&quot;2&quot;:&quot;Salz&quot;}\">Salz<\/td>\n<td><\/td>\n<\/tr>\n<\/tbody>\n<\/table>\n<p><strong>\u00a0<\/strong><\/p>","protected":false},"excerpt":{"rendered":"<p><span style=\"font-size: 16px;\">Unsere Medjoul-Datteln sind f\u00fcr ihre erstklassige Qualit\u00e4t bekannt.Sie werden in der N\u00e4he der historischen Stadt Jericho geerntet und geh\u00f6ren zu den hochwertigsten Datteln, die es gibt. Wir pfl\u00fccken unsere Datteln sorgf\u00e4ltig und lagern sie in einer kontrollierten und gek\u00fchlten Umgebung. Unsere Medjoul-Datteln werden von lokalen Landwirten in der historischen Region Bethlehem kultiviert<\/span><\/p>","protected":false},"featured_media":1855,"comment_status":"open","ping_status":"closed","template":"","meta":{"site-sidebar-layout":"default","site-content-layout":"default","ast-site-content-layout":"","site-content-style":"default","site-sidebar-style":"default","ast-global-header-display":"","ast-banner-title-visibility":"","ast-main-header-display":"","ast-hfb-above-header-display":"","ast-hfb-below-header-display":"","ast-hfb-mobile-header-display":"","site-post-title":"","ast-breadcrumbs-content":"","ast-featured-img":"","footer-sml-layout":"","theme-transparent-header-meta":"default","adv-header-id-meta":"","stick-header-meta":"","header-above-stick-meta":"","header-main-stick-meta":"","header-below-stick-meta":"","astra-migrate-meta-layouts":"default","ast-page-background-enabled":"default","ast-page-background-meta":{"desktop":{"background-color":"","background-image":"","background-repeat":"repeat","background-position":"center center","background-size":"auto","background-attachment":"scroll","background-type":"","background-media":"","overlay-type":"","overlay-color":"","overlay-gradient":""},"tablet":{"background-color":"","background-image":"","background-repeat":"repeat","background-position":"center center","background-size":"auto","background-attachment":"scroll","background-type":"","background-media":"","overlay-type":"","overlay-color":"","overlay-gradient":""},"mobile":{"background-color":"","background-image":"","background-repeat":"repeat","background-position":"center center","background-size":"auto","background-attachment":"scroll","background-type":"","background-media":"","overlay-type":"","overlay-color":"","overlay-gradient":""}},"ast-content-background-meta":{"desktop":{"background-color":"var(--ast-global-color-5)","background-image":"","background-repeat":"repeat","background-position":"center center","background-size":"auto","background-attachment":"scroll","background-type":"","background-media":"","overlay-type":"","overlay-color":"","overlay-gradient":""},"tablet":{"background-color":"var(--ast-global-color-5)","background-image":"","background-repeat":"repeat","background-position":"center center","background-size":"auto","background-attachment":"scroll","background-type":"","background-media":"","overlay-type":"","overlay-color":"","overlay-gradient":""},"mobile":{"background-color":"var(--ast-global-color-5)","background-image":"","background-repeat":"repeat","background-position":"center center","background-size":"auto","background-attachment":"scroll","background-type":"","background-media":"","overlay-type":"","overlay-color":"","overlay-gradient":""}}},"product_brand":[],"product_cat":[28,20],"product_tag":[29],"class_list":{"0":"post-2121","1":"product","2":"type-product","3":"status-publish","4":"has-post-thumbnail","6":"product_cat-dates","7":"product_cat-shop","8":"product_tag-dates","9":"desktop-align-center","10":"tablet-align-left","11":"mobile-align-left","13":"first","14":"instock","15":"taxable","16":"shipping-taxable","17":"purchasable","18":"product-type-simple"},"yoast_head":"<!-- This site is optimized with the Yoast SEO plugin v26.9 - https:\/\/yoast.com\/product\/yoast-seo-wordpress\/ -->\n<title>Vegan medjool dates Large class A 100g - Bethlehemcravings<\/title>\n<meta name=\"robots\" content=\"index, follow, max-snippet:-1, max-image-preview:large, max-video-preview:-1\" \/>\n<link rel=\"canonical\" href=\"https:\/\/bethlehemcravings.com\/de\/produkt\/vegan-medjool-dates-large-class-a-100g\/\" \/>\n<meta property=\"og:locale\" content=\"de_DE\" \/>\n<meta property=\"og:type\" content=\"article\" \/>\n<meta property=\"og:title\" content=\"Vegan medjool dates Large class A 100g - Bethlehemcravings\" \/>\n<meta property=\"og:description\" content=\"Our Medjoul Dates are renowned for their premium quality. Harvested near the historical town of Jericho; these dates are some of the highest quality available. We carefully pick our dates and store them in a controlled and cooled environment. Our Medjoul dates have been cultivated in the historical region by Local farmers and workers.\" \/>\n<meta property=\"og:url\" content=\"https:\/\/bethlehemcravings.com\/de\/produkt\/vegan-medjool-dates-large-class-a-100g\/\" \/>\n<meta property=\"og:site_name\" content=\"Bethlehemcravings\" \/>\n<meta property=\"article:publisher\" content=\"https:\/\/www.facebook.com\/SSirhan\" \/>\n<meta property=\"article:modified_time\" content=\"2024-11-05T18:09:10+00:00\" \/>\n<meta property=\"og:image\" content=\"https:\/\/bethlehemcravings.com\/wp-content\/uploads\/2022\/04\/Large-A-dates.jpg\" \/>\n\t<meta property=\"og:image:width\" content=\"840\" \/>\n\t<meta property=\"og:image:height\" content=\"1050\" \/>\n\t<meta property=\"og:image:type\" content=\"image\/jpeg\" \/>\n<meta name=\"twitter:card\" content=\"summary_large_image\" \/>\n<meta name=\"twitter:label1\" content=\"Gesch\u00e4tzte Lesezeit\" \/>\n\t<meta name=\"twitter:data1\" content=\"1\u00a0Minute\" \/>\n<script type=\"application\/ld+json\" class=\"yoast-schema-graph\">{\"@context\":\"https:\/\/schema.org\",\"@graph\":[{\"@type\":\"WebPage\",\"@id\":\"https:\/\/bethlehemcravings.com\/product\/vegan-medjool-dates-large-class-a-100g\/\",\"url\":\"https:\/\/bethlehemcravings.com\/product\/vegan-medjool-dates-large-class-a-100g\/\",\"name\":\"Vegan medjool dates Large class A 100g - Bethlehemcravings\",\"isPartOf\":{\"@id\":\"https:\/\/bethlehemcravings.com\/#website\"},\"primaryImageOfPage\":{\"@id\":\"https:\/\/bethlehemcravings.com\/product\/vegan-medjool-dates-large-class-a-100g\/#primaryimage\"},\"image\":{\"@id\":\"https:\/\/bethlehemcravings.com\/product\/vegan-medjool-dates-large-class-a-100g\/#primaryimage\"},\"thumbnailUrl\":\"https:\/\/bethlehemcravings.com\/wp-content\/uploads\/2022\/04\/Large-A-dates.jpg\",\"datePublished\":\"2022-05-11T15:59:14+00:00\",\"dateModified\":\"2024-11-05T18:09:10+00:00\",\"breadcrumb\":{\"@id\":\"https:\/\/bethlehemcravings.com\/product\/vegan-medjool-dates-large-class-a-100g\/#breadcrumb\"},\"inLanguage\":\"de\",\"potentialAction\":[{\"@type\":\"ReadAction\",\"target\":[\"https:\/\/bethlehemcravings.com\/product\/vegan-medjool-dates-large-class-a-100g\/\"]}]},{\"@type\":\"ImageObject\",\"inLanguage\":\"de\",\"@id\":\"https:\/\/bethlehemcravings.com\/product\/vegan-medjool-dates-large-class-a-100g\/#primaryimage\",\"url\":\"https:\/\/bethlehemcravings.com\/wp-content\/uploads\/2022\/04\/Large-A-dates.jpg\",\"contentUrl\":\"https:\/\/bethlehemcravings.com\/wp-content\/uploads\/2022\/04\/Large-A-dates.jpg\",\"width\":840,\"height\":1050},{\"@type\":\"BreadcrumbList\",\"@id\":\"https:\/\/bethlehemcravings.com\/product\/vegan-medjool-dates-large-class-a-100g\/#breadcrumb\",\"itemListElement\":[{\"@type\":\"ListItem\",\"position\":1,\"name\":\"Home\",\"item\":\"https:\/\/bethlehemcravings.com\/\"},{\"@type\":\"ListItem\",\"position\":2,\"name\":\"Shop\",\"item\":\"https:\/\/bethlehemcravings.com\/shop\/\"},{\"@type\":\"ListItem\",\"position\":3,\"name\":\"Vegan medjool dates Large class A 100g\"}]},{\"@type\":\"WebSite\",\"@id\":\"https:\/\/bethlehemcravings.com\/#website\",\"url\":\"https:\/\/bethlehemcravings.com\/\",\"name\":\"Bethlehemcravings\",\"description\":\"We specialize in Producing premium grade organic products.\",\"publisher\":{\"@id\":\"https:\/\/bethlehemcravings.com\/#organization\"},\"potentialAction\":[{\"@type\":\"SearchAction\",\"target\":{\"@type\":\"EntryPoint\",\"urlTemplate\":\"https:\/\/bethlehemcravings.com\/?s={search_term_string}\"},\"query-input\":{\"@type\":\"PropertyValueSpecification\",\"valueRequired\":true,\"valueName\":\"search_term_string\"}}],\"inLanguage\":\"de\"},{\"@type\":\"Organization\",\"@id\":\"https:\/\/bethlehemcravings.com\/#organization\",\"name\":\"Ace Enterprises\",\"url\":\"https:\/\/bethlehemcravings.com\/\",\"logo\":{\"@type\":\"ImageObject\",\"inLanguage\":\"de\",\"@id\":\"https:\/\/bethlehemcravings.com\/#\/schema\/logo\/image\/\",\"url\":\"https:\/\/bethlehemcravings.com\/wp-content\/uploads\/2022\/03\/BC-White-Logo-e1652949555407.png\",\"contentUrl\":\"https:\/\/bethlehemcravings.com\/wp-content\/uploads\/2022\/03\/BC-White-Logo-e1652949555407.png\",\"width\":2400,\"height\":1392,\"caption\":\"Ace Enterprises\"},\"image\":{\"@id\":\"https:\/\/bethlehemcravings.com\/#\/schema\/logo\/image\/\"},\"sameAs\":[\"https:\/\/www.facebook.com\/SSirhan\",\"https:\/\/www.instagram.com\/bethlehem_cravings\/\"]}]}<\/script>\n<!-- \/ Yoast SEO plugin. -->","yoast_head_json":{"title":"Vegan medjool dates Large class A 100g - Bethlehemcravings","robots":{"index":"index","follow":"follow","max-snippet":"max-snippet:-1","max-image-preview":"max-image-preview:large","max-video-preview":"max-video-preview:-1"},"canonical":"https:\/\/bethlehemcravings.com\/de\/produkt\/vegan-medjool-dates-large-class-a-100g\/","og_locale":"de_DE","og_type":"article","og_title":"Vegan medjool dates Large class A 100g - Bethlehemcravings","og_description":"Our Medjoul Dates are renowned for their premium quality. Harvested near the historical town of Jericho; these dates are some of the highest quality available. We carefully pick our dates and store them in a controlled and cooled environment. Our Medjoul dates have been cultivated in the historical region by Local farmers and workers.","og_url":"https:\/\/bethlehemcravings.com\/de\/produkt\/vegan-medjool-dates-large-class-a-100g\/","og_site_name":"Bethlehemcravings","article_publisher":"https:\/\/www.facebook.com\/SSirhan","article_modified_time":"2024-11-05T18:09:10+00:00","og_image":[{"width":840,"height":1050,"url":"https:\/\/bethlehemcravings.com\/wp-content\/uploads\/2022\/04\/Large-A-dates.jpg","type":"image\/jpeg"}],"twitter_card":"summary_large_image","twitter_misc":{"Gesch\u00e4tzte Lesezeit":"1\u00a0Minute"},"schema":{"@context":"https:\/\/schema.org","@graph":[{"@type":"WebPage","@id":"https:\/\/bethlehemcravings.com\/product\/vegan-medjool-dates-large-class-a-100g\/","url":"https:\/\/bethlehemcravings.com\/product\/vegan-medjool-dates-large-class-a-100g\/","name":"Vegan medjool dates Large class A 100g - Bethlehemcravings","isPartOf":{"@id":"https:\/\/bethlehemcravings.com\/#website"},"primaryImageOfPage":{"@id":"https:\/\/bethlehemcravings.com\/product\/vegan-medjool-dates-large-class-a-100g\/#primaryimage"},"image":{"@id":"https:\/\/bethlehemcravings.com\/product\/vegan-medjool-dates-large-class-a-100g\/#primaryimage"},"thumbnailUrl":"https:\/\/bethlehemcravings.com\/wp-content\/uploads\/2022\/04\/Large-A-dates.jpg","datePublished":"2022-05-11T15:59:14+00:00","dateModified":"2024-11-05T18:09:10+00:00","breadcrumb":{"@id":"https:\/\/bethlehemcravings.com\/product\/vegan-medjool-dates-large-class-a-100g\/#breadcrumb"},"inLanguage":"de","potentialAction":[{"@type":"ReadAction","target":["https:\/\/bethlehemcravings.com\/product\/vegan-medjool-dates-large-class-a-100g\/"]}]},{"@type":"ImageObject","inLanguage":"de","@id":"https:\/\/bethlehemcravings.com\/product\/vegan-medjool-dates-large-class-a-100g\/#primaryimage","url":"https:\/\/bethlehemcravings.com\/wp-content\/uploads\/2022\/04\/Large-A-dates.jpg","contentUrl":"https:\/\/bethlehemcravings.com\/wp-content\/uploads\/2022\/04\/Large-A-dates.jpg","width":840,"height":1050},{"@type":"BreadcrumbList","@id":"https:\/\/bethlehemcravings.com\/product\/vegan-medjool-dates-large-class-a-100g\/#breadcrumb","itemListElement":[{"@type":"ListItem","position":1,"name":"Home","item":"https:\/\/bethlehemcravings.com\/"},{"@type":"ListItem","position":2,"name":"Shop","item":"https:\/\/bethlehemcravings.com\/shop\/"},{"@type":"ListItem","position":3,"name":"Vegan medjool dates Large class A 100g"}]},{"@type":"WebSite","@id":"https:\/\/bethlehemcravings.com\/#website","url":"https:\/\/bethlehemcravings.com\/","name":"Bethlehemcravings","description":"We specialize in Producing premium grade organic products.","publisher":{"@id":"https:\/\/bethlehemcravings.com\/#organization"},"potentialAction":[{"@type":"SearchAction","target":{"@type":"EntryPoint","urlTemplate":"https:\/\/bethlehemcravings.com\/?s={search_term_string}"},"query-input":{"@type":"PropertyValueSpecification","valueRequired":true,"valueName":"search_term_string"}}],"inLanguage":"de"},{"@type":"Organization","@id":"https:\/\/bethlehemcravings.com\/#organization","name":"Ace Enterprises","url":"https:\/\/bethlehemcravings.com\/","logo":{"@type":"ImageObject","inLanguage":"de","@id":"https:\/\/bethlehemcravings.com\/#\/schema\/logo\/image\/","url":"https:\/\/bethlehemcravings.com\/wp-content\/uploads\/2022\/03\/BC-White-Logo-e1652949555407.png","contentUrl":"https:\/\/bethlehemcravings.com\/wp-content\/uploads\/2022\/03\/BC-White-Logo-e1652949555407.png","width":2400,"height":1392,"caption":"Ace Enterprises"},"image":{"@id":"https:\/\/bethlehemcravings.com\/#\/schema\/logo\/image\/"},"sameAs":["https:\/\/www.facebook.com\/SSirhan","https:\/\/www.instagram.com\/bethlehem_cravings\/"]}]}},"_links":{"self":[{"href":"https:\/\/bethlehemcravings.com\/de\/wp-json\/wp\/v2\/product\/2121","targetHints":{"allow":["GET"]}}],"collection":[{"href":"https:\/\/bethlehemcravings.com\/de\/wp-json\/wp\/v2\/product"}],"about":[{"href":"https:\/\/bethlehemcravings.com\/de\/wp-json\/wp\/v2\/types\/product"}],"replies":[{"embeddable":true,"href":"https:\/\/bethlehemcravings.com\/de\/wp-json\/wp\/v2\/comments?post=2121"}],"wp:featuredmedia":[{"embeddable":true,"href":"https:\/\/bethlehemcravings.com\/de\/wp-json\/wp\/v2\/media\/1855"}],"wp:attachment":[{"href":"https:\/\/bethlehemcravings.com\/de\/wp-json\/wp\/v2\/media?parent=2121"}],"wp:term":[{"taxonomy":"product_brand","embeddable":true,"href":"https:\/\/bethlehemcravings.com\/de\/wp-json\/wp\/v2\/product_brand?post=2121"},{"taxonomy":"product_cat","embeddable":true,"href":"https:\/\/bethlehemcravings.com\/de\/wp-json\/wp\/v2\/product_cat?post=2121"},{"taxonomy":"product_tag","embeddable":true,"href":"https:\/\/bethlehemcravings.com\/de\/wp-json\/wp\/v2\/product_tag?post=2121"}],"curies":[{"name":"wp","href":"https:\/\/api.w.org\/{rel}","templated":true}]}}