{"id":656,"date":"2022-03-23T11:46:59","date_gmt":"2022-03-23T11:46:59","guid":{"rendered":"https:\/\/bethlehemcravings.com\/?post_type=product&#038;p=656"},"modified":"2023-07-04T13:54:07","modified_gmt":"2023-07-04T13:54:07","slug":"sage","status":"publish","type":"product","link":"https:\/\/bethlehemcravings.com\/de\/produkt\/sage\/","title":{"rendered":"Salbei 50g"},"content":{"rendered":"<p><strong>Package size (g\/ml) : 50g<\/strong><\/p>\n<h3>N\u00e4hrwertangaben:<\/h3>\n<table dir=\"ltr\" border=\"1\" cellspacing=\"0\" cellpadding=\"0\">\n<colgroup>\n<col width=\"240\" \/>\n<col width=\"102\" \/><\/colgroup>\n<tbody>\n<tr>\n<td data-sheets-value=\"{&quot;1&quot;:2,&quot;2&quot;:&quot;Typische Werte &quot;}\">Typische Werte<\/td>\n<td data-sheets-value=\"{&quot;1&quot;:2,&quot;2&quot;:&quot;per 100g&quot;}\">per 100g<\/td>\n<\/tr>\n<tr>\n<td data-sheets-value=\"{&quot;1&quot;:2,&quot;2&quot;:&quot;Energie &quot;}\">Energie<\/td>\n<td data-sheets-value=\"{&quot;1&quot;:2,&quot;2&quot;:&quot;502kJ, 119 kcal&quot;}\">502kJ, 119 kcal<\/td>\n<\/tr>\n<tr>\n<td data-sheets-value=\"{&quot;1&quot;:2,&quot;2&quot;:&quot;Fett &quot;}\">Fett<\/td>\n<td data-sheets-value=\"{&quot;1&quot;:2,&quot;2&quot;:&quot;0.2g&quot;}\">0.2g<\/td>\n<\/tr>\n<tr>\n<td data-sheets-value=\"{&quot;1&quot;:2,&quot;2&quot;:&quot;davon ges\u00e4ttigte Fette&quot;}\">davon ges\u00e4ttigte Fette<\/td>\n<td data-sheets-value=\"{&quot;1&quot;:2,&quot;2&quot;:&quot;0g&quot;}\">0g<\/td>\n<\/tr>\n<tr>\n<td data-sheets-value=\"{&quot;1&quot;:2,&quot;2&quot;:&quot;Kohlenhydrate&quot;}\">Kohlenhydrate<\/td>\n<td data-sheets-value=\"{&quot;1&quot;:2,&quot;2&quot;:&quot;0.7g&quot;}\">0.7g<\/td>\n<\/tr>\n<tr>\n<td data-sheets-value=\"{&quot;1&quot;:2,&quot;2&quot;:&quot;Zucker&quot;}\">Zucker<\/td>\n<td data-sheets-value=\"{&quot;1&quot;:2,&quot;2&quot;:&quot;0g&quot;}\">0g<\/td>\n<\/tr>\n<tr>\n<td data-sheets-value=\"{&quot;1&quot;:2,&quot;2&quot;:&quot;Salz&quot;}\">Salz<\/td>\n<td data-sheets-value=\"{&quot;1&quot;:2,&quot;2&quot;:&quot;&lt;0.01g&quot;}\">&lt;0.01g<\/td>\n<\/tr>\n<\/tbody>\n<\/table>","protected":false},"excerpt":{"rendered":"<p>Salbei ist ein nat\u00fcrliches Kraut, das seit Jahrhunderten als Kr\u00e4utergetr\u00e4nk\nzur Linderung von Fieber und Magenverstimmungen verwendet wird.\nDieser Salbei wurde von Hand gepfl\u00fcckt und getrocknet. F\u00fcr ein\ntraditionelles Geschmackserlebnis f\u00fcgen Sie einfach ein wenig getrockneten\nSalbei zum schwarzen Tee hinzu.<\/p>","protected":false},"featured_media":657,"comment_status":"open","ping_status":"closed","template":"","meta":{"site-sidebar-layout":"default","site-content-layout":"default","ast-site-content-layout":"","site-content-style":"default","site-sidebar-style":"default","ast-global-header-display":"","ast-banner-title-visibility":"","ast-main-header-display":"","ast-hfb-above-header-display":"","ast-hfb-below-header-display":"","ast-hfb-mobile-header-display":"","site-post-title":"","ast-breadcrumbs-content":"","ast-featured-img":"","footer-sml-layout":"","theme-transparent-header-meta":"default","adv-header-id-meta":"","stick-header-meta":"","header-above-stick-meta":"","header-main-stick-meta":"","header-below-stick-meta":"","astra-migrate-meta-layouts":"default","ast-page-background-enabled":"default","ast-page-background-meta":{"desktop":{"background-color":"","background-image":"","background-repeat":"repeat","background-position":"center center","background-size":"auto","background-attachment":"scroll","background-type":"","background-media":"","overlay-type":"","overlay-color":"","overlay-gradient":""},"tablet":{"background-color":"","background-image":"","background-repeat":"repeat","background-position":"center center","background-size":"auto","background-attachment":"scroll","background-type":"","background-media":"","overlay-type":"","overlay-color":"","overlay-gradient":""},"mobile":{"background-color":"","background-image":"","background-repeat":"repeat","background-position":"center center","background-size":"auto","background-attachment":"scroll","background-type":"","background-media":"","overlay-type":"","overlay-color":"","overlay-gradient":""}},"ast-content-background-meta":{"desktop":{"background-color":"var(--ast-global-color-5)","background-image":"","background-repeat":"repeat","background-position":"center center","background-size":"auto","background-attachment":"scroll","background-type":"","background-media":"","overlay-type":"","overlay-color":"","overlay-gradient":""},"tablet":{"background-color":"var(--ast-global-color-5)","background-image":"","background-repeat":"repeat","background-position":"center center","background-size":"auto","background-attachment":"scroll","background-type":"","background-media":"","overlay-type":"","overlay-color":"","overlay-gradient":""},"mobile":{"background-color":"var(--ast-global-color-5)","background-image":"","background-repeat":"repeat","background-position":"center center","background-size":"auto","background-attachment":"scroll","background-type":"","background-media":"","overlay-type":"","overlay-color":"","overlay-gradient":""}}},"product_brand":[],"product_cat":[22,20],"product_tag":[37],"class_list":{"0":"post-656","1":"product","2":"type-product","3":"status-publish","4":"has-post-thumbnail","6":"product_cat-herbs-spices","7":"product_cat-shop","8":"product_tag-sage","9":"desktop-align-center","10":"tablet-align-left","11":"mobile-align-left","13":"first","14":"instock","15":"taxable","16":"shipping-taxable","17":"purchasable","18":"product-type-simple"},"yoast_head":"<!-- This site is optimized with the Yoast SEO plugin v26.9 - https:\/\/yoast.com\/product\/yoast-seo-wordpress\/ -->\n<title>Sage 50g - Bethlehemcravings<\/title>\n<meta name=\"robots\" content=\"index, follow, max-snippet:-1, max-image-preview:large, max-video-preview:-1\" \/>\n<link rel=\"canonical\" href=\"https:\/\/bethlehemcravings.com\/de\/produkt\/sage\/\" \/>\n<meta property=\"og:locale\" content=\"de_DE\" \/>\n<meta property=\"og:type\" content=\"article\" \/>\n<meta property=\"og:title\" content=\"Sage 50g - Bethlehemcravings\" \/>\n<meta property=\"og:description\" content=\"Sage is a natural herb that has been used for centuries as a herbal drink for relief from fever and stomach upsets. This Sage has been hand-picked and then dried. It can be added to the black tea to produce the traditional cup of tea.\" \/>\n<meta property=\"og:url\" content=\"https:\/\/bethlehemcravings.com\/de\/produkt\/sage\/\" \/>\n<meta property=\"og:site_name\" content=\"Bethlehemcravings\" \/>\n<meta property=\"article:publisher\" content=\"https:\/\/www.facebook.com\/SSirhan\" \/>\n<meta property=\"article:modified_time\" content=\"2023-07-04T13:54:07+00:00\" \/>\n<meta property=\"og:image\" content=\"https:\/\/bethlehemcravings.com\/wp-content\/uploads\/2022\/03\/salbei.jpg\" \/>\n\t<meta property=\"og:image:width\" content=\"850\" \/>\n\t<meta property=\"og:image:height\" content=\"1063\" \/>\n\t<meta property=\"og:image:type\" content=\"image\/jpeg\" \/>\n<meta name=\"twitter:card\" content=\"summary_large_image\" \/>\n<meta name=\"twitter:label1\" content=\"Gesch\u00e4tzte Lesezeit\" \/>\n\t<meta name=\"twitter:data1\" content=\"1\u00a0Minute\" \/>\n<script type=\"application\/ld+json\" class=\"yoast-schema-graph\">{\"@context\":\"https:\/\/schema.org\",\"@graph\":[{\"@type\":\"WebPage\",\"@id\":\"https:\/\/bethlehemcravings.com\/product\/sage\/\",\"url\":\"https:\/\/bethlehemcravings.com\/product\/sage\/\",\"name\":\"Sage 50g - Bethlehemcravings\",\"isPartOf\":{\"@id\":\"https:\/\/bethlehemcravings.com\/#website\"},\"primaryImageOfPage\":{\"@id\":\"https:\/\/bethlehemcravings.com\/product\/sage\/#primaryimage\"},\"image\":{\"@id\":\"https:\/\/bethlehemcravings.com\/product\/sage\/#primaryimage\"},\"thumbnailUrl\":\"https:\/\/bethlehemcravings.com\/wp-content\/uploads\/2022\/03\/salbei.jpg\",\"datePublished\":\"2022-03-23T11:46:59+00:00\",\"dateModified\":\"2023-07-04T13:54:07+00:00\",\"breadcrumb\":{\"@id\":\"https:\/\/bethlehemcravings.com\/product\/sage\/#breadcrumb\"},\"inLanguage\":\"de\",\"potentialAction\":[{\"@type\":\"ReadAction\",\"target\":[\"https:\/\/bethlehemcravings.com\/product\/sage\/\"]}]},{\"@type\":\"ImageObject\",\"inLanguage\":\"de\",\"@id\":\"https:\/\/bethlehemcravings.com\/product\/sage\/#primaryimage\",\"url\":\"https:\/\/bethlehemcravings.com\/wp-content\/uploads\/2022\/03\/salbei.jpg\",\"contentUrl\":\"https:\/\/bethlehemcravings.com\/wp-content\/uploads\/2022\/03\/salbei.jpg\",\"width\":850,\"height\":1063,\"caption\":\"salbei-sage\"},{\"@type\":\"BreadcrumbList\",\"@id\":\"https:\/\/bethlehemcravings.com\/product\/sage\/#breadcrumb\",\"itemListElement\":[{\"@type\":\"ListItem\",\"position\":1,\"name\":\"Home\",\"item\":\"https:\/\/bethlehemcravings.com\/\"},{\"@type\":\"ListItem\",\"position\":2,\"name\":\"Shop\",\"item\":\"https:\/\/bethlehemcravings.com\/shop\/\"},{\"@type\":\"ListItem\",\"position\":3,\"name\":\"Sage 50g\"}]},{\"@type\":\"WebSite\",\"@id\":\"https:\/\/bethlehemcravings.com\/#website\",\"url\":\"https:\/\/bethlehemcravings.com\/\",\"name\":\"Bethlehemcravings\",\"description\":\"We specialize in Producing premium grade organic products.\",\"publisher\":{\"@id\":\"https:\/\/bethlehemcravings.com\/#organization\"},\"potentialAction\":[{\"@type\":\"SearchAction\",\"target\":{\"@type\":\"EntryPoint\",\"urlTemplate\":\"https:\/\/bethlehemcravings.com\/?s={search_term_string}\"},\"query-input\":{\"@type\":\"PropertyValueSpecification\",\"valueRequired\":true,\"valueName\":\"search_term_string\"}}],\"inLanguage\":\"de\"},{\"@type\":\"Organization\",\"@id\":\"https:\/\/bethlehemcravings.com\/#organization\",\"name\":\"Ace Enterprises\",\"url\":\"https:\/\/bethlehemcravings.com\/\",\"logo\":{\"@type\":\"ImageObject\",\"inLanguage\":\"de\",\"@id\":\"https:\/\/bethlehemcravings.com\/#\/schema\/logo\/image\/\",\"url\":\"https:\/\/bethlehemcravings.com\/wp-content\/uploads\/2022\/03\/BC-White-Logo-e1652949555407.png\",\"contentUrl\":\"https:\/\/bethlehemcravings.com\/wp-content\/uploads\/2022\/03\/BC-White-Logo-e1652949555407.png\",\"width\":2400,\"height\":1392,\"caption\":\"Ace Enterprises\"},\"image\":{\"@id\":\"https:\/\/bethlehemcravings.com\/#\/schema\/logo\/image\/\"},\"sameAs\":[\"https:\/\/www.facebook.com\/SSirhan\",\"https:\/\/www.instagram.com\/bethlehem_cravings\/\"]}]}<\/script>\n<!-- \/ Yoast SEO plugin. -->","yoast_head_json":{"title":"Sage 50g - Bethlehemcravings","robots":{"index":"index","follow":"follow","max-snippet":"max-snippet:-1","max-image-preview":"max-image-preview:large","max-video-preview":"max-video-preview:-1"},"canonical":"https:\/\/bethlehemcravings.com\/de\/produkt\/sage\/","og_locale":"de_DE","og_type":"article","og_title":"Sage 50g - Bethlehemcravings","og_description":"Sage is a natural herb that has been used for centuries as a herbal drink for relief from fever and stomach upsets. This Sage has been hand-picked and then dried. It can be added to the black tea to produce the traditional cup of tea.","og_url":"https:\/\/bethlehemcravings.com\/de\/produkt\/sage\/","og_site_name":"Bethlehemcravings","article_publisher":"https:\/\/www.facebook.com\/SSirhan","article_modified_time":"2023-07-04T13:54:07+00:00","og_image":[{"width":850,"height":1063,"url":"https:\/\/bethlehemcravings.com\/wp-content\/uploads\/2022\/03\/salbei.jpg","type":"image\/jpeg"}],"twitter_card":"summary_large_image","twitter_misc":{"Gesch\u00e4tzte Lesezeit":"1\u00a0Minute"},"schema":{"@context":"https:\/\/schema.org","@graph":[{"@type":"WebPage","@id":"https:\/\/bethlehemcravings.com\/product\/sage\/","url":"https:\/\/bethlehemcravings.com\/product\/sage\/","name":"Sage 50g - Bethlehemcravings","isPartOf":{"@id":"https:\/\/bethlehemcravings.com\/#website"},"primaryImageOfPage":{"@id":"https:\/\/bethlehemcravings.com\/product\/sage\/#primaryimage"},"image":{"@id":"https:\/\/bethlehemcravings.com\/product\/sage\/#primaryimage"},"thumbnailUrl":"https:\/\/bethlehemcravings.com\/wp-content\/uploads\/2022\/03\/salbei.jpg","datePublished":"2022-03-23T11:46:59+00:00","dateModified":"2023-07-04T13:54:07+00:00","breadcrumb":{"@id":"https:\/\/bethlehemcravings.com\/product\/sage\/#breadcrumb"},"inLanguage":"de","potentialAction":[{"@type":"ReadAction","target":["https:\/\/bethlehemcravings.com\/product\/sage\/"]}]},{"@type":"ImageObject","inLanguage":"de","@id":"https:\/\/bethlehemcravings.com\/product\/sage\/#primaryimage","url":"https:\/\/bethlehemcravings.com\/wp-content\/uploads\/2022\/03\/salbei.jpg","contentUrl":"https:\/\/bethlehemcravings.com\/wp-content\/uploads\/2022\/03\/salbei.jpg","width":850,"height":1063,"caption":"salbei-sage"},{"@type":"BreadcrumbList","@id":"https:\/\/bethlehemcravings.com\/product\/sage\/#breadcrumb","itemListElement":[{"@type":"ListItem","position":1,"name":"Home","item":"https:\/\/bethlehemcravings.com\/"},{"@type":"ListItem","position":2,"name":"Shop","item":"https:\/\/bethlehemcravings.com\/shop\/"},{"@type":"ListItem","position":3,"name":"Sage 50g"}]},{"@type":"WebSite","@id":"https:\/\/bethlehemcravings.com\/#website","url":"https:\/\/bethlehemcravings.com\/","name":"Bethlehemcravings","description":"We specialize in Producing premium grade organic products.","publisher":{"@id":"https:\/\/bethlehemcravings.com\/#organization"},"potentialAction":[{"@type":"SearchAction","target":{"@type":"EntryPoint","urlTemplate":"https:\/\/bethlehemcravings.com\/?s={search_term_string}"},"query-input":{"@type":"PropertyValueSpecification","valueRequired":true,"valueName":"search_term_string"}}],"inLanguage":"de"},{"@type":"Organization","@id":"https:\/\/bethlehemcravings.com\/#organization","name":"Ace Enterprises","url":"https:\/\/bethlehemcravings.com\/","logo":{"@type":"ImageObject","inLanguage":"de","@id":"https:\/\/bethlehemcravings.com\/#\/schema\/logo\/image\/","url":"https:\/\/bethlehemcravings.com\/wp-content\/uploads\/2022\/03\/BC-White-Logo-e1652949555407.png","contentUrl":"https:\/\/bethlehemcravings.com\/wp-content\/uploads\/2022\/03\/BC-White-Logo-e1652949555407.png","width":2400,"height":1392,"caption":"Ace Enterprises"},"image":{"@id":"https:\/\/bethlehemcravings.com\/#\/schema\/logo\/image\/"},"sameAs":["https:\/\/www.facebook.com\/SSirhan","https:\/\/www.instagram.com\/bethlehem_cravings\/"]}]}},"_links":{"self":[{"href":"https:\/\/bethlehemcravings.com\/de\/wp-json\/wp\/v2\/product\/656","targetHints":{"allow":["GET"]}}],"collection":[{"href":"https:\/\/bethlehemcravings.com\/de\/wp-json\/wp\/v2\/product"}],"about":[{"href":"https:\/\/bethlehemcravings.com\/de\/wp-json\/wp\/v2\/types\/product"}],"replies":[{"embeddable":true,"href":"https:\/\/bethlehemcravings.com\/de\/wp-json\/wp\/v2\/comments?post=656"}],"wp:featuredmedia":[{"embeddable":true,"href":"https:\/\/bethlehemcravings.com\/de\/wp-json\/wp\/v2\/media\/657"}],"wp:attachment":[{"href":"https:\/\/bethlehemcravings.com\/de\/wp-json\/wp\/v2\/media?parent=656"}],"wp:term":[{"taxonomy":"product_brand","embeddable":true,"href":"https:\/\/bethlehemcravings.com\/de\/wp-json\/wp\/v2\/product_brand?post=656"},{"taxonomy":"product_cat","embeddable":true,"href":"https:\/\/bethlehemcravings.com\/de\/wp-json\/wp\/v2\/product_cat?post=656"},{"taxonomy":"product_tag","embeddable":true,"href":"https:\/\/bethlehemcravings.com\/de\/wp-json\/wp\/v2\/product_tag?post=656"}],"curies":[{"name":"wp","href":"https:\/\/api.w.org\/{rel}","templated":true}]}}