{"id":669,"date":"2022-03-23T11:56:03","date_gmt":"2022-03-23T11:56:03","guid":{"rendered":"https:\/\/bethlehemcravings.com\/?post_type=product&#038;p=669"},"modified":"2026-02-08T12:42:02","modified_gmt":"2026-02-08T12:42:02","slug":"vegan-dates-jumbo-a-200g","status":"publish","type":"product","link":"https:\/\/bethlehemcravings.com\/de\/produkt\/vegan-dates-jumbo-a-200g\/","title":{"rendered":"Vegan medjool dates Class A 200g"},"content":{"rendered":"<p>Bezeichnung: Getrocknete Datteln (Jumbo)<\/p>\n<p>Zutaten: 100 % Datteln<\/p>\n<p>Allergene: Keine<\/p>\n<p>Nettof\u00fcllmenge: 200 g<\/p>\n<p>Mindestens haltbar bis: siehe Etikett<\/p>\n<p>Aufbewahrung: K\u00fchl, trocken und lichtgesch\u00fctzt lagern.<\/p>\n<p>Herkunft: Pal\u00e4stina<\/p>\n<p>Verantwortlicher Lebensmittelunternehmer: Bethlehem Cravings<\/p>\n<p><!-- notionvc: 71dd58f5-3d2c-4584-b507-d6a1ed1f2574 --><\/p>","protected":false},"excerpt":{"rendered":"<p>Unsere Medjoul-Datteln sind f\u00fcr ihre erstklassige Qualit\u00e4t bekannt.Sie werden in der N\u00e4he der historischen Stadt Jericho geerntet und geh\u00f6ren zu den hochwertigsten Datteln, die es gibt. Wir pfl\u00fccken unsere Datteln sorgf\u00e4ltig und lagern sie in einer kontrollierten und gek\u00fchlten Umgebung. Unsere Medjoul-Datteln werden von lokalen Landwirten in der historischen Region Bethlehem kultiviert<\/p>","protected":false},"featured_media":842,"comment_status":"open","ping_status":"closed","template":"","meta":{"site-sidebar-layout":"default","site-content-layout":"default","ast-site-content-layout":"default","site-content-style":"default","site-sidebar-style":"default","ast-global-header-display":"","ast-banner-title-visibility":"","ast-main-header-display":"","ast-hfb-above-header-display":"","ast-hfb-below-header-display":"","ast-hfb-mobile-header-display":"","site-post-title":"","ast-breadcrumbs-content":"","ast-featured-img":"","footer-sml-layout":"","theme-transparent-header-meta":"default","adv-header-id-meta":"","stick-header-meta":"","header-above-stick-meta":"","header-main-stick-meta":"","header-below-stick-meta":"","astra-migrate-meta-layouts":"set","ast-page-background-enabled":"default","ast-page-background-meta":{"desktop":{"background-color":"","background-image":"","background-repeat":"repeat","background-position":"center center","background-size":"auto","background-attachment":"scroll","background-type":"","background-media":"","overlay-type":"","overlay-color":"","overlay-gradient":""},"tablet":{"background-color":"","background-image":"","background-repeat":"repeat","background-position":"center center","background-size":"auto","background-attachment":"scroll","background-type":"","background-media":"","overlay-type":"","overlay-color":"","overlay-gradient":""},"mobile":{"background-color":"","background-image":"","background-repeat":"repeat","background-position":"center center","background-size":"auto","background-attachment":"scroll","background-type":"","background-media":"","overlay-type":"","overlay-color":"","overlay-gradient":""}},"ast-content-background-meta":{"desktop":{"background-color":"var(--ast-global-color-5)","background-image":"","background-repeat":"repeat","background-position":"center center","background-size":"auto","background-attachment":"scroll","background-type":"","background-media":"","overlay-type":"","overlay-color":"","overlay-gradient":""},"tablet":{"background-color":"var(--ast-global-color-5)","background-image":"","background-repeat":"repeat","background-position":"center center","background-size":"auto","background-attachment":"scroll","background-type":"","background-media":"","overlay-type":"","overlay-color":"","overlay-gradient":""},"mobile":{"background-color":"var(--ast-global-color-5)","background-image":"","background-repeat":"repeat","background-position":"center center","background-size":"auto","background-attachment":"scroll","background-type":"","background-media":"","overlay-type":"","overlay-color":"","overlay-gradient":""}}},"product_brand":[],"product_cat":[28,20],"product_tag":[29],"class_list":{"0":"post-669","1":"product","2":"type-product","3":"status-publish","4":"has-post-thumbnail","6":"product_cat-dates","7":"product_cat-shop","8":"product_tag-dates","9":"desktop-align-center","10":"tablet-align-left","11":"mobile-align-left","13":"first","14":"instock","15":"taxable","16":"shipping-taxable","17":"purchasable","18":"product-type-simple"},"yoast_head":"<!-- This site is optimized with the Yoast SEO plugin v26.9 - https:\/\/yoast.com\/product\/yoast-seo-wordpress\/ -->\n<title>Vegan medjool dates Class A 200g - Bethlehemcravings<\/title>\n<meta name=\"robots\" content=\"index, follow, max-snippet:-1, max-image-preview:large, max-video-preview:-1\" \/>\n<link rel=\"canonical\" href=\"https:\/\/bethlehemcravings.com\/de\/produkt\/vegan-dates-jumbo-a-200g\/\" \/>\n<meta property=\"og:locale\" content=\"de_DE\" \/>\n<meta property=\"og:type\" content=\"article\" \/>\n<meta property=\"og:title\" content=\"Vegan medjool dates Class A 200g - Bethlehemcravings\" \/>\n<meta property=\"og:description\" content=\"Our Medjoul Dates are renowned for their premium quality. Harvested near the historical town of Jericho; these dates are some of the highest quality available. We carefully pick our dates and store them in a controlled and cooled environment. Our Medjoul dates have been cultivated in the historical region by Local farmers and workers.\" \/>\n<meta property=\"og:url\" content=\"https:\/\/bethlehemcravings.com\/de\/produkt\/vegan-dates-jumbo-a-200g\/\" \/>\n<meta property=\"og:site_name\" content=\"Bethlehemcravings\" \/>\n<meta property=\"article:publisher\" content=\"https:\/\/www.facebook.com\/SSirhan\" \/>\n<meta property=\"article:modified_time\" content=\"2026-02-08T12:42:02+00:00\" \/>\n<meta property=\"og:image\" content=\"https:\/\/bethlehemcravings.com\/wp-content\/uploads\/2022\/03\/datteln.jpg\" \/>\n\t<meta property=\"og:image:width\" content=\"1050\" \/>\n\t<meta property=\"og:image:height\" content=\"1312\" \/>\n\t<meta property=\"og:image:type\" content=\"image\/jpeg\" \/>\n<meta name=\"twitter:card\" content=\"summary_large_image\" \/>\n<meta name=\"twitter:label1\" content=\"Gesch\u00e4tzte Lesezeit\" \/>\n\t<meta name=\"twitter:data1\" content=\"1\u00a0Minute\" \/>\n<script type=\"application\/ld+json\" class=\"yoast-schema-graph\">{\"@context\":\"https:\/\/schema.org\",\"@graph\":[{\"@type\":\"WebPage\",\"@id\":\"https:\/\/bethlehemcravings.com\/product\/vegan-dates-jumbo-a-200g\/\",\"url\":\"https:\/\/bethlehemcravings.com\/product\/vegan-dates-jumbo-a-200g\/\",\"name\":\"Vegan medjool dates Class A 200g - Bethlehemcravings\",\"isPartOf\":{\"@id\":\"https:\/\/bethlehemcravings.com\/#website\"},\"primaryImageOfPage\":{\"@id\":\"https:\/\/bethlehemcravings.com\/product\/vegan-dates-jumbo-a-200g\/#primaryimage\"},\"image\":{\"@id\":\"https:\/\/bethlehemcravings.com\/product\/vegan-dates-jumbo-a-200g\/#primaryimage\"},\"thumbnailUrl\":\"https:\/\/bethlehemcravings.com\/wp-content\/uploads\/2022\/03\/datteln.jpg\",\"datePublished\":\"2022-03-23T11:56:03+00:00\",\"dateModified\":\"2026-02-08T12:42:02+00:00\",\"breadcrumb\":{\"@id\":\"https:\/\/bethlehemcravings.com\/product\/vegan-dates-jumbo-a-200g\/#breadcrumb\"},\"inLanguage\":\"de\",\"potentialAction\":[{\"@type\":\"ReadAction\",\"target\":[\"https:\/\/bethlehemcravings.com\/product\/vegan-dates-jumbo-a-200g\/\"]}]},{\"@type\":\"ImageObject\",\"inLanguage\":\"de\",\"@id\":\"https:\/\/bethlehemcravings.com\/product\/vegan-dates-jumbo-a-200g\/#primaryimage\",\"url\":\"https:\/\/bethlehemcravings.com\/wp-content\/uploads\/2022\/03\/datteln.jpg\",\"contentUrl\":\"https:\/\/bethlehemcravings.com\/wp-content\/uploads\/2022\/03\/datteln.jpg\",\"width\":1050,\"height\":1312,\"caption\":\"datteln\"},{\"@type\":\"BreadcrumbList\",\"@id\":\"https:\/\/bethlehemcravings.com\/product\/vegan-dates-jumbo-a-200g\/#breadcrumb\",\"itemListElement\":[{\"@type\":\"ListItem\",\"position\":1,\"name\":\"Home\",\"item\":\"https:\/\/bethlehemcravings.com\/\"},{\"@type\":\"ListItem\",\"position\":2,\"name\":\"Shop\",\"item\":\"https:\/\/bethlehemcravings.com\/shop\/\"},{\"@type\":\"ListItem\",\"position\":3,\"name\":\"Vegan medjool dates Class A 200g\"}]},{\"@type\":\"WebSite\",\"@id\":\"https:\/\/bethlehemcravings.com\/#website\",\"url\":\"https:\/\/bethlehemcravings.com\/\",\"name\":\"Bethlehemcravings\",\"description\":\"We specialize in Producing premium grade organic products.\",\"publisher\":{\"@id\":\"https:\/\/bethlehemcravings.com\/#organization\"},\"potentialAction\":[{\"@type\":\"SearchAction\",\"target\":{\"@type\":\"EntryPoint\",\"urlTemplate\":\"https:\/\/bethlehemcravings.com\/?s={search_term_string}\"},\"query-input\":{\"@type\":\"PropertyValueSpecification\",\"valueRequired\":true,\"valueName\":\"search_term_string\"}}],\"inLanguage\":\"de\"},{\"@type\":\"Organization\",\"@id\":\"https:\/\/bethlehemcravings.com\/#organization\",\"name\":\"Ace Enterprises\",\"url\":\"https:\/\/bethlehemcravings.com\/\",\"logo\":{\"@type\":\"ImageObject\",\"inLanguage\":\"de\",\"@id\":\"https:\/\/bethlehemcravings.com\/#\/schema\/logo\/image\/\",\"url\":\"https:\/\/bethlehemcravings.com\/wp-content\/uploads\/2022\/03\/BC-White-Logo-e1652949555407.png\",\"contentUrl\":\"https:\/\/bethlehemcravings.com\/wp-content\/uploads\/2022\/03\/BC-White-Logo-e1652949555407.png\",\"width\":2400,\"height\":1392,\"caption\":\"Ace Enterprises\"},\"image\":{\"@id\":\"https:\/\/bethlehemcravings.com\/#\/schema\/logo\/image\/\"},\"sameAs\":[\"https:\/\/www.facebook.com\/SSirhan\",\"https:\/\/www.instagram.com\/bethlehem_cravings\/\"]}]}<\/script>\n<!-- \/ Yoast SEO plugin. -->","yoast_head_json":{"title":"Vegan medjool dates Class A 200g - Bethlehemcravings","robots":{"index":"index","follow":"follow","max-snippet":"max-snippet:-1","max-image-preview":"max-image-preview:large","max-video-preview":"max-video-preview:-1"},"canonical":"https:\/\/bethlehemcravings.com\/de\/produkt\/vegan-dates-jumbo-a-200g\/","og_locale":"de_DE","og_type":"article","og_title":"Vegan medjool dates Class A 200g - Bethlehemcravings","og_description":"Our Medjoul Dates are renowned for their premium quality. Harvested near the historical town of Jericho; these dates are some of the highest quality available. We carefully pick our dates and store them in a controlled and cooled environment. Our Medjoul dates have been cultivated in the historical region by Local farmers and workers.","og_url":"https:\/\/bethlehemcravings.com\/de\/produkt\/vegan-dates-jumbo-a-200g\/","og_site_name":"Bethlehemcravings","article_publisher":"https:\/\/www.facebook.com\/SSirhan","article_modified_time":"2026-02-08T12:42:02+00:00","og_image":[{"width":1050,"height":1312,"url":"https:\/\/bethlehemcravings.com\/wp-content\/uploads\/2022\/03\/datteln.jpg","type":"image\/jpeg"}],"twitter_card":"summary_large_image","twitter_misc":{"Gesch\u00e4tzte Lesezeit":"1\u00a0Minute"},"schema":{"@context":"https:\/\/schema.org","@graph":[{"@type":"WebPage","@id":"https:\/\/bethlehemcravings.com\/product\/vegan-dates-jumbo-a-200g\/","url":"https:\/\/bethlehemcravings.com\/product\/vegan-dates-jumbo-a-200g\/","name":"Vegan medjool dates Class A 200g - Bethlehemcravings","isPartOf":{"@id":"https:\/\/bethlehemcravings.com\/#website"},"primaryImageOfPage":{"@id":"https:\/\/bethlehemcravings.com\/product\/vegan-dates-jumbo-a-200g\/#primaryimage"},"image":{"@id":"https:\/\/bethlehemcravings.com\/product\/vegan-dates-jumbo-a-200g\/#primaryimage"},"thumbnailUrl":"https:\/\/bethlehemcravings.com\/wp-content\/uploads\/2022\/03\/datteln.jpg","datePublished":"2022-03-23T11:56:03+00:00","dateModified":"2026-02-08T12:42:02+00:00","breadcrumb":{"@id":"https:\/\/bethlehemcravings.com\/product\/vegan-dates-jumbo-a-200g\/#breadcrumb"},"inLanguage":"de","potentialAction":[{"@type":"ReadAction","target":["https:\/\/bethlehemcravings.com\/product\/vegan-dates-jumbo-a-200g\/"]}]},{"@type":"ImageObject","inLanguage":"de","@id":"https:\/\/bethlehemcravings.com\/product\/vegan-dates-jumbo-a-200g\/#primaryimage","url":"https:\/\/bethlehemcravings.com\/wp-content\/uploads\/2022\/03\/datteln.jpg","contentUrl":"https:\/\/bethlehemcravings.com\/wp-content\/uploads\/2022\/03\/datteln.jpg","width":1050,"height":1312,"caption":"datteln"},{"@type":"BreadcrumbList","@id":"https:\/\/bethlehemcravings.com\/product\/vegan-dates-jumbo-a-200g\/#breadcrumb","itemListElement":[{"@type":"ListItem","position":1,"name":"Home","item":"https:\/\/bethlehemcravings.com\/"},{"@type":"ListItem","position":2,"name":"Shop","item":"https:\/\/bethlehemcravings.com\/shop\/"},{"@type":"ListItem","position":3,"name":"Vegan medjool dates Class A 200g"}]},{"@type":"WebSite","@id":"https:\/\/bethlehemcravings.com\/#website","url":"https:\/\/bethlehemcravings.com\/","name":"Bethlehemcravings","description":"We specialize in Producing premium grade organic products.","publisher":{"@id":"https:\/\/bethlehemcravings.com\/#organization"},"potentialAction":[{"@type":"SearchAction","target":{"@type":"EntryPoint","urlTemplate":"https:\/\/bethlehemcravings.com\/?s={search_term_string}"},"query-input":{"@type":"PropertyValueSpecification","valueRequired":true,"valueName":"search_term_string"}}],"inLanguage":"de"},{"@type":"Organization","@id":"https:\/\/bethlehemcravings.com\/#organization","name":"Ace Enterprises","url":"https:\/\/bethlehemcravings.com\/","logo":{"@type":"ImageObject","inLanguage":"de","@id":"https:\/\/bethlehemcravings.com\/#\/schema\/logo\/image\/","url":"https:\/\/bethlehemcravings.com\/wp-content\/uploads\/2022\/03\/BC-White-Logo-e1652949555407.png","contentUrl":"https:\/\/bethlehemcravings.com\/wp-content\/uploads\/2022\/03\/BC-White-Logo-e1652949555407.png","width":2400,"height":1392,"caption":"Ace Enterprises"},"image":{"@id":"https:\/\/bethlehemcravings.com\/#\/schema\/logo\/image\/"},"sameAs":["https:\/\/www.facebook.com\/SSirhan","https:\/\/www.instagram.com\/bethlehem_cravings\/"]}]}},"_links":{"self":[{"href":"https:\/\/bethlehemcravings.com\/de\/wp-json\/wp\/v2\/product\/669","targetHints":{"allow":["GET"]}}],"collection":[{"href":"https:\/\/bethlehemcravings.com\/de\/wp-json\/wp\/v2\/product"}],"about":[{"href":"https:\/\/bethlehemcravings.com\/de\/wp-json\/wp\/v2\/types\/product"}],"replies":[{"embeddable":true,"href":"https:\/\/bethlehemcravings.com\/de\/wp-json\/wp\/v2\/comments?post=669"}],"wp:featuredmedia":[{"embeddable":true,"href":"https:\/\/bethlehemcravings.com\/de\/wp-json\/wp\/v2\/media\/842"}],"wp:attachment":[{"href":"https:\/\/bethlehemcravings.com\/de\/wp-json\/wp\/v2\/media?parent=669"}],"wp:term":[{"taxonomy":"product_brand","embeddable":true,"href":"https:\/\/bethlehemcravings.com\/de\/wp-json\/wp\/v2\/product_brand?post=669"},{"taxonomy":"product_cat","embeddable":true,"href":"https:\/\/bethlehemcravings.com\/de\/wp-json\/wp\/v2\/product_cat?post=669"},{"taxonomy":"product_tag","embeddable":true,"href":"https:\/\/bethlehemcravings.com\/de\/wp-json\/wp\/v2\/product_tag?post=669"}],"curies":[{"name":"wp","href":"https:\/\/api.w.org\/{rel}","templated":true}]}}